{"id":15530,"date":"2024-11-29T18:31:47","date_gmt":"2024-11-29T17:31:47","guid":{"rendered":"https:\/\/stampcurio.com\/product\/1899-francia-tunezia-magyarorszagra-kuldve-ritka-relacio\/"},"modified":"2025-12-05T04:06:11","modified_gmt":"2025-12-05T03:06:11","slug":"1899-tunezia-magyarorszagra-kuldott-level-ritka-relacio","status":"publish","type":"product","link":"https:\/\/stampcurio.com\/hu\/termek\/1899-tunezia-magyarorszagra-kuldott-level-ritka-relacio\/","title":{"rendered":"1899 Tun\u00e9zia &#8211; Magyarorsz\u00e1gra k\u00fcld\u00f6tt lev\u00e9l, ritka rel\u00e1ci\u00f3"},"content":{"rendered":"","protected":false},"excerpt":{"rendered":"","protected":false},"featured_media":19132,"template":"","meta":[],"product_brand":[],"product_cat":[1181,1172,1276],"product_tag":[1664,116,89],"class_list":{"0":"post-15530","1":"product","2":"type-product","3":"status-publish","4":"has-post-thumbnail","6":"product_cat-franciaorszag","7":"product_cat-magyarorszag","8":"product_cat-tunezia","9":"product_tag-2nd-auction-hu","10":"product_tag-belyeg","11":"product_tag-postatortenet","13":"first","14":"outofstock","15":"sold-individually","16":"shipping-taxable","17":"product-type-simple"},"_links":{"self":[{"href":"https:\/\/stampcurio.com\/hu\/wp-json\/wp\/v2\/product\/15530","targetHints":{"allow":["GET"]}}],"collection":[{"href":"https:\/\/stampcurio.com\/hu\/wp-json\/wp\/v2\/product"}],"about":[{"href":"https:\/\/stampcurio.com\/hu\/wp-json\/wp\/v2\/types\/product"}],"wp:featuredmedia":[{"embeddable":true,"href":"https:\/\/stampcurio.com\/hu\/wp-json\/wp\/v2\/media\/19132"}],"wp:attachment":[{"href":"https:\/\/stampcurio.com\/hu\/wp-json\/wp\/v2\/media?parent=15530"}],"wp:term":[{"taxonomy":"product_brand","embeddable":true,"href":"https:\/\/stampcurio.com\/hu\/wp-json\/wp\/v2\/product_brand?post=15530"},{"taxonomy":"product_cat","embeddable":true,"href":"https:\/\/stampcurio.com\/hu\/wp-json\/wp\/v2\/product_cat?post=15530"},{"taxonomy":"product_tag","embeddable":true,"href":"https:\/\/stampcurio.com\/hu\/wp-json\/wp\/v2\/product_tag?post=15530"}],"curies":[{"name":"wp","href":"https:\/\/api.w.org\/{rel}","templated":true}]}}