{"id":15529,"date":"2024-11-29T18:31:47","date_gmt":"2024-11-29T17:31:47","guid":{"rendered":"https:\/\/stampcurio.com\/product\/1850-franciaorszag-20-cent-ceres-fekete-level-egybelyeges-lerovassal\/"},"modified":"2025-12-05T04:06:10","modified_gmt":"2025-12-05T03:06:10","slug":"1850-franciaorszag-20c-fekete-ceres-belyeg-levelen-egybelyeges-bermentesiteskent","status":"publish","type":"product","link":"https:\/\/stampcurio.com\/hu\/termek\/1850-franciaorszag-20c-fekete-ceres-belyeg-levelen-egybelyeges-bermentesiteskent\/","title":{"rendered":"1850 Franciaorsz\u00e1g &#8211; 20c fekete CERES b\u00e9lyeg lev\u00e9len egyb\u00e9lyeges b\u00e9rmentes\u00edt\u00e9sk\u00e9nt"},"content":{"rendered":"","protected":false},"excerpt":{"rendered":"","protected":false},"featured_media":19156,"template":"","meta":[],"product_brand":[],"product_cat":[1181],"product_tag":[1664,116,89],"class_list":{"0":"post-15529","1":"product","2":"type-product","3":"status-publish","4":"has-post-thumbnail","6":"product_cat-franciaorszag","7":"product_tag-2nd-auction-hu","8":"product_tag-belyeg","9":"product_tag-postatortenet","11":"first","12":"outofstock","13":"sold-individually","14":"shipping-taxable","15":"product-type-simple"},"_links":{"self":[{"href":"https:\/\/stampcurio.com\/hu\/wp-json\/wp\/v2\/product\/15529","targetHints":{"allow":["GET"]}}],"collection":[{"href":"https:\/\/stampcurio.com\/hu\/wp-json\/wp\/v2\/product"}],"about":[{"href":"https:\/\/stampcurio.com\/hu\/wp-json\/wp\/v2\/types\/product"}],"wp:featuredmedia":[{"embeddable":true,"href":"https:\/\/stampcurio.com\/hu\/wp-json\/wp\/v2\/media\/19156"}],"wp:attachment":[{"href":"https:\/\/stampcurio.com\/hu\/wp-json\/wp\/v2\/media?parent=15529"}],"wp:term":[{"taxonomy":"product_brand","embeddable":true,"href":"https:\/\/stampcurio.com\/hu\/wp-json\/wp\/v2\/product_brand?post=15529"},{"taxonomy":"product_cat","embeddable":true,"href":"https:\/\/stampcurio.com\/hu\/wp-json\/wp\/v2\/product_cat?post=15529"},{"taxonomy":"product_tag","embeddable":true,"href":"https:\/\/stampcurio.com\/hu\/wp-json\/wp\/v2\/product_tag?post=15529"}],"curies":[{"name":"wp","href":"https:\/\/api.w.org\/{rel}","templated":true}]}}