{"id":15527,"date":"2024-11-29T18:31:46","date_gmt":"2024-11-29T17:31:46","guid":{"rendered":"https:\/\/stampcurio.com\/product\/xxx-lenin-kat-800-eur-https-en-wikipedia-org-wiki-leniniana\/"},"modified":"2025-12-05T04:06:12","modified_gmt":"2025-12-05T03:06:12","slug":"1925-1939-szovjetunio-leniniana-belyeg-tetel-sok-erdekesseggel-michel-800-eur","status":"publish","type":"product","link":"https:\/\/stampcurio.com\/hu\/termek\/1925-1939-szovjetunio-leniniana-belyeg-tetel-sok-erdekesseggel-michel-800-eur\/","title":{"rendered":"1925 &#8211; 1939 Szovjetuni\u00f3 &#8211; Leniniana b\u00e9lyeg t\u00e9tel sok \u00e9rdekess\u00e9ggel | Michel: 800+ EUR"},"content":{"rendered":"","protected":false},"excerpt":{"rendered":"","protected":false},"featured_media":19222,"template":"","meta":[],"product_brand":[],"product_cat":[1177,1239],"product_tag":[1664,116,1374],"class_list":{"0":"post-15527","1":"product","2":"type-product","3":"status-publish","4":"has-post-thumbnail","6":"product_cat-oroszorszag","7":"product_cat-szovjetunio","8":"product_tag-2nd-auction-hu","9":"product_tag-belyeg","10":"product_tag-motivum","12":"first","13":"outofstock","14":"sold-individually","15":"shipping-taxable","16":"product-type-simple"},"_links":{"self":[{"href":"https:\/\/stampcurio.com\/hu\/wp-json\/wp\/v2\/product\/15527","targetHints":{"allow":["GET"]}}],"collection":[{"href":"https:\/\/stampcurio.com\/hu\/wp-json\/wp\/v2\/product"}],"about":[{"href":"https:\/\/stampcurio.com\/hu\/wp-json\/wp\/v2\/types\/product"}],"wp:featuredmedia":[{"embeddable":true,"href":"https:\/\/stampcurio.com\/hu\/wp-json\/wp\/v2\/media\/19222"}],"wp:attachment":[{"href":"https:\/\/stampcurio.com\/hu\/wp-json\/wp\/v2\/media?parent=15527"}],"wp:term":[{"taxonomy":"product_brand","embeddable":true,"href":"https:\/\/stampcurio.com\/hu\/wp-json\/wp\/v2\/product_brand?post=15527"},{"taxonomy":"product_cat","embeddable":true,"href":"https:\/\/stampcurio.com\/hu\/wp-json\/wp\/v2\/product_cat?post=15527"},{"taxonomy":"product_tag","embeddable":true,"href":"https:\/\/stampcurio.com\/hu\/wp-json\/wp\/v2\/product_tag?post=15527"}],"curies":[{"name":"wp","href":"https:\/\/api.w.org\/{rel}","templated":true}]}}