{"id":15526,"date":"2024-11-29T18:31:46","date_gmt":"2024-11-29T17:31:46","guid":{"rendered":"https:\/\/stampcurio.com\/product\/n-kallo-gudlin-200-rompes-40-pont-nagykallo-pest-1846-komplett-franko-level\/"},"modified":"2025-12-05T04:06:12","modified_gmt":"2025-12-05T03:06:12","slug":"1846-ausztria-n-kallo-nagykallo-komplett-franko-belyegelotti-level-pestre-kuldve-gudlin-200-pont-rompes-40-pont","status":"publish","type":"product","link":"https:\/\/stampcurio.com\/hu\/termek\/1846-ausztria-n-kallo-nagykallo-komplett-franko-belyegelotti-level-pestre-kuldve-gudlin-200-pont-rompes-40-pont\/","title":{"rendered":"1846 Ausztria &#8211; N.K\u00e1ll\u00f3 (Nagyk\u00e1ll\u00f3) komplett frank\u00f3 b\u00e9lyegel\u0151tti lev\u00e9l Pestre k\u00fcldve \/ Gudlin: 200 pont \/ Rompes: 40 pont"},"content":{"rendered":"","protected":false},"excerpt":{"rendered":"","protected":false},"featured_media":19142,"template":"","meta":[],"product_brand":[],"product_cat":[1178,1172],"product_tag":[1664,1041,89,1631,1305],"class_list":{"0":"post-15526","1":"product","2":"type-product","3":"status-publish","4":"has-post-thumbnail","6":"product_cat-ausztria","7":"product_cat-magyarorszag","8":"product_tag-2nd-auction-hu","9":"product_tag-marcophily-hu","10":"product_tag-postatortenet","11":"product_tag-pre-upu","12":"product_tag-vorphila","14":"first","15":"outofstock","16":"sold-individually","17":"shipping-taxable","18":"product-type-simple"},"_links":{"self":[{"href":"https:\/\/stampcurio.com\/hu\/wp-json\/wp\/v2\/product\/15526","targetHints":{"allow":["GET"]}}],"collection":[{"href":"https:\/\/stampcurio.com\/hu\/wp-json\/wp\/v2\/product"}],"about":[{"href":"https:\/\/stampcurio.com\/hu\/wp-json\/wp\/v2\/types\/product"}],"wp:featuredmedia":[{"embeddable":true,"href":"https:\/\/stampcurio.com\/hu\/wp-json\/wp\/v2\/media\/19142"}],"wp:attachment":[{"href":"https:\/\/stampcurio.com\/hu\/wp-json\/wp\/v2\/media?parent=15526"}],"wp:term":[{"taxonomy":"product_brand","embeddable":true,"href":"https:\/\/stampcurio.com\/hu\/wp-json\/wp\/v2\/product_brand?post=15526"},{"taxonomy":"product_cat","embeddable":true,"href":"https:\/\/stampcurio.com\/hu\/wp-json\/wp\/v2\/product_cat?post=15526"},{"taxonomy":"product_tag","embeddable":true,"href":"https:\/\/stampcurio.com\/hu\/wp-json\/wp\/v2\/product_tag?post=15526"}],"curies":[{"name":"wp","href":"https:\/\/api.w.org\/{rel}","templated":true}]}}