{"id":15525,"date":"2024-11-29T18:31:46","date_gmt":"2024-11-29T17:31:46","guid":{"rendered":"https:\/\/stampcurio.com\/product\/1903-2-boritekbol-epitett-nagy-meretu-boritek-ajanlott-levelkent-franciaorszagba-kuldve-szep-viaszpecsetekkel-6-sulyu-ajanlott-level\/"},"modified":"2025-12-05T04:06:11","modified_gmt":"2025-12-05T03:06:11","slug":"1903-magyarorszag-ket-boritekbol-epitett-nagy-meretu-boritek-6-sulyu-ajanlott-levelkent-franciaorszagba-kuldve-szep-viaszpecsetekkel-osszesen-175-korona-bermentesitessel","status":"publish","type":"product","link":"https:\/\/stampcurio.com\/hu\/termek\/1903-magyarorszag-ket-boritekbol-epitett-nagy-meretu-boritek-6-sulyu-ajanlott-levelkent-franciaorszagba-kuldve-szep-viaszpecsetekkel-osszesen-175-korona-bermentesitessel\/","title":{"rendered":"1903 Magyarorsz\u00e1g &#8211; k\u00e9t bor\u00edt\u00e9kb\u00f3l \u00e9p\u00edtett nagy m\u00e9ret\u0171 bor\u00edt\u00e9k 6. s\u00faly\u00fa aj\u00e1nlott lev\u00e9lk\u00e9nt Franciaorsz\u00e1gba k\u00fcldve sz\u00e9p viaszpecs\u00e9tekkel. \u00d6sszesen 1,75 Korona b\u00e9rmentes\u00edt\u00e9ssel."},"content":{"rendered":"","protected":false},"excerpt":{"rendered":"","protected":false},"featured_media":19260,"template":"","meta":[],"product_brand":[],"product_cat":[1181,1172],"product_tag":[1664,176,89,1006],"class_list":{"0":"post-15525","1":"product","2":"type-product","3":"status-publish","4":"has-post-thumbnail","6":"product_cat-franciaorszag","7":"product_cat-magyarorszag","8":"product_tag-2nd-auction-hu","9":"product_tag-philagem","10":"product_tag-postatortenet","11":"product_tag-unsold","13":"first","14":"outofstock","15":"sold-individually","16":"shipping-taxable","17":"product-type-simple"},"_links":{"self":[{"href":"https:\/\/stampcurio.com\/hu\/wp-json\/wp\/v2\/product\/15525","targetHints":{"allow":["GET"]}}],"collection":[{"href":"https:\/\/stampcurio.com\/hu\/wp-json\/wp\/v2\/product"}],"about":[{"href":"https:\/\/stampcurio.com\/hu\/wp-json\/wp\/v2\/types\/product"}],"wp:featuredmedia":[{"embeddable":true,"href":"https:\/\/stampcurio.com\/hu\/wp-json\/wp\/v2\/media\/19260"}],"wp:attachment":[{"href":"https:\/\/stampcurio.com\/hu\/wp-json\/wp\/v2\/media?parent=15525"}],"wp:term":[{"taxonomy":"product_brand","embeddable":true,"href":"https:\/\/stampcurio.com\/hu\/wp-json\/wp\/v2\/product_brand?post=15525"},{"taxonomy":"product_cat","embeddable":true,"href":"https:\/\/stampcurio.com\/hu\/wp-json\/wp\/v2\/product_cat?post=15525"},{"taxonomy":"product_tag","embeddable":true,"href":"https:\/\/stampcurio.com\/hu\/wp-json\/wp\/v2\/product_tag?post=15525"}],"curies":[{"name":"wp","href":"https:\/\/api.w.org\/{rel}","templated":true}]}}