{"id":15524,"date":"2024-11-29T18:31:46","date_gmt":"2024-11-29T17:31:46","guid":{"rendered":"https:\/\/stampcurio.com\/product\/1884-dijjegyes-lap-india-3-belyeges-dijkiegeszitessel-4-szinu\/"},"modified":"2025-12-05T04:06:11","modified_gmt":"2025-12-05T03:06:11","slug":"1884-india-dijjegyes-levelezolap-3-belyeges-dijkiegeszitessel","status":"publish","type":"product","link":"https:\/\/stampcurio.com\/hu\/termek\/1884-india-dijjegyes-levelezolap-3-belyeges-dijkiegeszitessel\/","title":{"rendered":"1884 India &#8211; d\u00edjjegyes levelez\u0151lap 3 b\u00e9lyeges d\u00edjkieg\u00e9sz\u00edt\u00e9ssel"},"content":{"rendered":"","protected":false},"excerpt":{"rendered":"","protected":false},"featured_media":19272,"template":"","meta":[],"product_brand":[],"product_cat":[1186,1206],"product_tag":[1664,116,74,89],"class_list":{"0":"post-15524","1":"product","2":"type-product","3":"status-publish","4":"has-post-thumbnail","6":"product_cat-brit-birodalom","7":"product_cat-india","8":"product_tag-2nd-auction-hu","9":"product_tag-belyeg","10":"product_tag-dijjegyes","11":"product_tag-postatortenet","13":"first","14":"outofstock","15":"sold-individually","16":"shipping-taxable","17":"product-type-simple"},"_links":{"self":[{"href":"https:\/\/stampcurio.com\/hu\/wp-json\/wp\/v2\/product\/15524","targetHints":{"allow":["GET"]}}],"collection":[{"href":"https:\/\/stampcurio.com\/hu\/wp-json\/wp\/v2\/product"}],"about":[{"href":"https:\/\/stampcurio.com\/hu\/wp-json\/wp\/v2\/types\/product"}],"wp:featuredmedia":[{"embeddable":true,"href":"https:\/\/stampcurio.com\/hu\/wp-json\/wp\/v2\/media\/19272"}],"wp:attachment":[{"href":"https:\/\/stampcurio.com\/hu\/wp-json\/wp\/v2\/media?parent=15524"}],"wp:term":[{"taxonomy":"product_brand","embeddable":true,"href":"https:\/\/stampcurio.com\/hu\/wp-json\/wp\/v2\/product_brand?post=15524"},{"taxonomy":"product_cat","embeddable":true,"href":"https:\/\/stampcurio.com\/hu\/wp-json\/wp\/v2\/product_cat?post=15524"},{"taxonomy":"product_tag","embeddable":true,"href":"https:\/\/stampcurio.com\/hu\/wp-json\/wp\/v2\/product_tag?post=15524"}],"curies":[{"name":"wp","href":"https:\/\/api.w.org\/{rel}","templated":true}]}}