{"id":15523,"date":"2024-11-29T18:31:45","date_gmt":"2024-11-29T17:31:45","guid":{"rendered":"https:\/\/stampcurio.com\/product\/1951-epuletek-170-az-ismert-187-forint-tevnyomat-90-ivhelyen-postatiszta-hatostombben\/"},"modified":"2025-12-05T04:06:13","modified_gmt":"2025-12-05T03:06:13","slug":"1951-magyarorszag-epuletek-170-forint-postatiszta-hatostombben-az-ismert-178-tevnyomat-a-90-ivhelyen-phu-45-eur","status":"publish","type":"product","link":"https:\/\/stampcurio.com\/hu\/termek\/1951-magyarorszag-epuletek-170-forint-postatiszta-hatostombben-az-ismert-178-tevnyomat-a-90-ivhelyen-phu-45-eur\/","title":{"rendered":"1951 Magyarorsz\u00e1g &#8211; \u00c9p\u00fcletek 1,70 forint postatiszta ** hatost\u00f6mbben, az ismert &#8220;1,78&#8221; t\u00e9vnyomat a 90. \u00edvhelyen | PHu: 45 EUR"},"content":{"rendered":"","protected":false},"excerpt":{"rendered":"","protected":false},"featured_media":23926,"template":"","meta":[],"product_brand":[],"product_cat":[1172],"product_tag":[1664,116,217],"class_list":{"0":"post-15523","1":"product","2":"type-product","3":"status-publish","4":"has-post-thumbnail","6":"product_cat-magyarorszag","7":"product_tag-2nd-auction-hu","8":"product_tag-belyeg","9":"product_tag-tevnyomat","11":"first","12":"outofstock","13":"sold-individually","14":"shipping-taxable","15":"product-type-simple"},"_links":{"self":[{"href":"https:\/\/stampcurio.com\/hu\/wp-json\/wp\/v2\/product\/15523","targetHints":{"allow":["GET"]}}],"collection":[{"href":"https:\/\/stampcurio.com\/hu\/wp-json\/wp\/v2\/product"}],"about":[{"href":"https:\/\/stampcurio.com\/hu\/wp-json\/wp\/v2\/types\/product"}],"wp:featuredmedia":[{"embeddable":true,"href":"https:\/\/stampcurio.com\/hu\/wp-json\/wp\/v2\/media\/23926"}],"wp:attachment":[{"href":"https:\/\/stampcurio.com\/hu\/wp-json\/wp\/v2\/media?parent=15523"}],"wp:term":[{"taxonomy":"product_brand","embeddable":true,"href":"https:\/\/stampcurio.com\/hu\/wp-json\/wp\/v2\/product_brand?post=15523"},{"taxonomy":"product_cat","embeddable":true,"href":"https:\/\/stampcurio.com\/hu\/wp-json\/wp\/v2\/product_cat?post=15523"},{"taxonomy":"product_tag","embeddable":true,"href":"https:\/\/stampcurio.com\/hu\/wp-json\/wp\/v2\/product_tag?post=15523"}],"curies":[{"name":"wp","href":"https:\/\/api.w.org\/{rel}","templated":true}]}}