{"id":15521,"date":"2024-11-29T18:31:45","date_gmt":"2024-11-29T17:31:45","guid":{"rendered":"https:\/\/stampcurio.com\/product\/1906-torok-a-es-tarsa-milleneumi-dijjegyes-matild-felulnyomassal-kozlekedesi-csarnok\/"},"modified":"2025-12-05T04:06:12","modified_gmt":"2025-12-05T03:06:12","slug":"1896-1906-magyarorszag-torok-es-tsa-millenniumi-dijjegyes-levelezolap-kozlekedesi-csarnok-matild-felulnyomassal","status":"publish","type":"product","link":"https:\/\/stampcurio.com\/hu\/termek\/1896-1906-magyarorszag-torok-es-tsa-millenniumi-dijjegyes-levelezolap-kozlekedesi-csarnok-matild-felulnyomassal\/","title":{"rendered":"1896 \/ 1906 Magyarorsz\u00e1g &#8211; T\u00f6r\u00f6k \u00e9s tsa. millenniumi d\u00edjjegyes levelez\u0151lap (K\u00f6zleked\u00e9si csarnok) Matild fel\u00fclnyom\u00e1ssal"},"content":{"rendered":"","protected":false},"excerpt":{"rendered":"","protected":false},"featured_media":19136,"template":"","meta":[],"product_brand":[],"product_cat":[1172,1245],"product_tag":[1664,74,89,75],"class_list":{"0":"post-15521","1":"product","2":"type-product","3":"status-publish","4":"has-post-thumbnail","6":"product_cat-magyarorszag","7":"product_cat-szerbia","8":"product_tag-2nd-auction-hu","9":"product_tag-dijjegyes","10":"product_tag-postatortenet","11":"product_tag-reklam","13":"first","14":"outofstock","15":"sold-individually","16":"shipping-taxable","17":"product-type-simple"},"_links":{"self":[{"href":"https:\/\/stampcurio.com\/hu\/wp-json\/wp\/v2\/product\/15521","targetHints":{"allow":["GET"]}}],"collection":[{"href":"https:\/\/stampcurio.com\/hu\/wp-json\/wp\/v2\/product"}],"about":[{"href":"https:\/\/stampcurio.com\/hu\/wp-json\/wp\/v2\/types\/product"}],"wp:featuredmedia":[{"embeddable":true,"href":"https:\/\/stampcurio.com\/hu\/wp-json\/wp\/v2\/media\/19136"}],"wp:attachment":[{"href":"https:\/\/stampcurio.com\/hu\/wp-json\/wp\/v2\/media?parent=15521"}],"wp:term":[{"taxonomy":"product_brand","embeddable":true,"href":"https:\/\/stampcurio.com\/hu\/wp-json\/wp\/v2\/product_brand?post=15521"},{"taxonomy":"product_cat","embeddable":true,"href":"https:\/\/stampcurio.com\/hu\/wp-json\/wp\/v2\/product_cat?post=15521"},{"taxonomy":"product_tag","embeddable":true,"href":"https:\/\/stampcurio.com\/hu\/wp-json\/wp\/v2\/product_tag?post=15521"}],"curies":[{"name":"wp","href":"https:\/\/api.w.org\/{rel}","templated":true}]}}