{"id":15520,"date":"2024-11-29T18:31:44","date_gmt":"2024-11-29T17:31:44","guid":{"rendered":"https:\/\/stampcurio.com\/product\/recom-belyegzes-1863-ujsagbelyeg-wrapper-muller-25x6-szeged-pesti-hirlap-teljes-wrapperen-piaristaknak-szegedre-kuldve\/"},"modified":"2025-12-05T04:06:13","modified_gmt":"2025-12-05T03:06:13","slug":"1863-ausztria-a-pesti-hirlap-teljes-cimszalagja-szep-szelekkel-szegelylec-lenyomattal-es-recom-belyegzessel-ellatott-ujsagbelyeggel-a-szegedi-piaristaknak-kuldve-muller-25x6p","status":"publish","type":"product","link":"https:\/\/stampcurio.com\/hu\/termek\/1863-ausztria-a-pesti-hirlap-teljes-cimszalagja-szep-szelekkel-szegelylec-lenyomattal-es-recom-belyegzessel-ellatott-ujsagbelyeggel-a-szegedi-piaristaknak-kuldve-muller-25x6p\/","title":{"rendered":"1863 Ausztria \u2013 A Pesti h\u00edrlap teljes c\u00edmszalagja sz\u00e9p sz\u00e9lekkel, szeg\u00e9lyl\u00e9c lenyomattal \u00e9s RECOM: b\u00e9lyegz\u00e9ssel ell\u00e1tott \u00fajs\u00e1gb\u00e9lyeggel a szegedi Piarist\u00e1knak k\u00fcldve. M\u00fcller: 25\u00d76p"},"content":{"rendered":"","protected":false},"excerpt":{"rendered":"","protected":false},"featured_media":19180,"template":"","meta":[],"product_brand":[],"product_cat":[1178,1172],"product_tag":[1664,116,1296,1041,89,1631,1006],"class_list":{"0":"post-15520","1":"product","2":"type-product","3":"status-publish","4":"has-post-thumbnail","6":"product_cat-ausztria","7":"product_cat-magyarorszag","8":"product_tag-2nd-auction-hu","9":"product_tag-belyeg","10":"product_tag-hirlapbelyeg","11":"product_tag-marcophily-hu","12":"product_tag-postatortenet","13":"product_tag-pre-upu","14":"product_tag-unsold","16":"first","17":"outofstock","18":"sold-individually","19":"shipping-taxable","20":"product-type-simple"},"_links":{"self":[{"href":"https:\/\/stampcurio.com\/hu\/wp-json\/wp\/v2\/product\/15520","targetHints":{"allow":["GET"]}}],"collection":[{"href":"https:\/\/stampcurio.com\/hu\/wp-json\/wp\/v2\/product"}],"about":[{"href":"https:\/\/stampcurio.com\/hu\/wp-json\/wp\/v2\/types\/product"}],"wp:featuredmedia":[{"embeddable":true,"href":"https:\/\/stampcurio.com\/hu\/wp-json\/wp\/v2\/media\/19180"}],"wp:attachment":[{"href":"https:\/\/stampcurio.com\/hu\/wp-json\/wp\/v2\/media?parent=15520"}],"wp:term":[{"taxonomy":"product_brand","embeddable":true,"href":"https:\/\/stampcurio.com\/hu\/wp-json\/wp\/v2\/product_brand?post=15520"},{"taxonomy":"product_cat","embeddable":true,"href":"https:\/\/stampcurio.com\/hu\/wp-json\/wp\/v2\/product_cat?post=15520"},{"taxonomy":"product_tag","embeddable":true,"href":"https:\/\/stampcurio.com\/hu\/wp-json\/wp\/v2\/product_tag?post=15520"}],"curies":[{"name":"wp","href":"https:\/\/api.w.org\/{rel}","templated":true}]}}