{"id":1552,"date":"2023-11-09T19:15:27","date_gmt":"2023-11-09T18:15:27","guid":{"rendered":"http:\/\/stampcurio.com\/?post_type=product&#038;p=1552"},"modified":"2025-12-05T04:13:45","modified_gmt":"2025-12-05T03:13:45","slug":"1934-2-sulyfokozatu-legiposta-boritek-del-amerikaba-kuldve-nagy-madonna-5p-ritka-koznapi-felhasznalas","status":"publish","type":"product","link":"https:\/\/stampcurio.com\/hu\/termek\/1934-2-sulyfokozatu-legiposta-boritek-del-amerikaba-kuldve-nagy-madonna-5p-ritka-koznapi-felhasznalas\/","title":{"rendered":"1934 &#8211; 2. s\u00falyfokozat\u00fa l\u00e9giposta bor\u00edt\u00e9k D\u00e9l-Amerik\u00e1ba k\u00fcldve nagy Madonna 5P ritka k\u00f6znapi felhaszn\u00e1l\u00e1s"},"content":{"rendered":"","protected":false},"excerpt":{"rendered":"<p>Az 5 Peng\u0151s b\u00e9lyeg ritk\u00e1n l\u00e1that\u00f3 k\u00f6znapi felhaszn\u00e1l\u00e1sa.<br \/>\n10 grammos l\u00e9giposta lev\u00e9l tarifa:<br \/>\nL\u00e9giposta lev\u00e9l 2.66P \/ 5 grammonk\u00e9nt (5.32P) + Lev\u00e9ld\u00edj 40f \/ 20 grammonk\u00e9nt:<br \/>\n\u00d6sszesen 5P 72f tarifahelyes b\u00e9rmentes\u00edt\u00e9s.<br \/>\nM\u00e1ty\u00e1sf\u00f6ld b\u00e9lyegz\u00e9ssel.<\/p>\n","protected":false},"featured_media":1553,"template":"","meta":[],"product_brand":[],"product_cat":[114,73,113],"product_tag":[1044,116,115,89],"class_list":{"0":"post-1552","1":"product","2":"type-product","3":"status-publish","4":"has-post-thumbnail","6":"product_cat-argentina-1st","7":"product_cat-magyarorszag-1st","8":"product_cat-nemetorszag-1st","9":"product_tag-1st-auction-hu","10":"product_tag-belyeg","11":"product_tag-legiposta","12":"product_tag-postatortenet","13":"pa_catalog_id-144","15":"first","16":"instock","17":"sold-individually","18":"shipping-taxable","19":"product-type-simple"},"_links":{"self":[{"href":"https:\/\/stampcurio.com\/hu\/wp-json\/wp\/v2\/product\/1552","targetHints":{"allow":["GET"]}}],"collection":[{"href":"https:\/\/stampcurio.com\/hu\/wp-json\/wp\/v2\/product"}],"about":[{"href":"https:\/\/stampcurio.com\/hu\/wp-json\/wp\/v2\/types\/product"}],"wp:featuredmedia":[{"embeddable":true,"href":"https:\/\/stampcurio.com\/hu\/wp-json\/wp\/v2\/media\/1553"}],"wp:attachment":[{"href":"https:\/\/stampcurio.com\/hu\/wp-json\/wp\/v2\/media?parent=1552"}],"wp:term":[{"taxonomy":"product_brand","embeddable":true,"href":"https:\/\/stampcurio.com\/hu\/wp-json\/wp\/v2\/product_brand?post=1552"},{"taxonomy":"product_cat","embeddable":true,"href":"https:\/\/stampcurio.com\/hu\/wp-json\/wp\/v2\/product_cat?post=1552"},{"taxonomy":"product_tag","embeddable":true,"href":"https:\/\/stampcurio.com\/hu\/wp-json\/wp\/v2\/product_tag?post=1552"}],"curies":[{"name":"wp","href":"https:\/\/api.w.org\/{rel}","templated":true}]}}