{"id":15519,"date":"2024-11-29T18:31:41","date_gmt":"2024-11-29T17:31:41","guid":{"rendered":"https:\/\/stampcurio.com\/product\/1901-boma-belgakongo-mouscronba-be-kuldott-dijjegyes-lap-bomacarte-incomplete-belyegzessel\/"},"modified":"2025-12-05T04:06:14","modified_gmt":"2025-12-05T03:06:14","slug":"1901-belga-kongo-boma-varosaban-feladott-dijjegyes-levelezolap-belgiumba-kuldve-bomacarte-incomplete-belyegzessel","status":"publish","type":"product","link":"https:\/\/stampcurio.com\/hu\/termek\/1901-belga-kongo-boma-varosaban-feladott-dijjegyes-levelezolap-belgiumba-kuldve-bomacarte-incomplete-belyegzessel\/","title":{"rendered":"1901 Belga-Kong\u00f3 &#8211; Boma v\u00e1ros\u00e1ban feladott d\u00edjjegyes levelez\u0151lap, Belgiumba k\u00fcldve, &#8220;boma:carte incomplete&#8221; b\u00e9lyegz\u00e9ssel"},"content":{"rendered":"","protected":false},"excerpt":{"rendered":"","protected":false},"featured_media":19284,"template":"","meta":[],"product_brand":[],"product_cat":[1257,1282],"product_tag":[1664,74,1041,89],"class_list":{"0":"post-15519","1":"product","2":"type-product","3":"status-publish","4":"has-post-thumbnail","6":"product_cat-belgium","7":"product_cat-kongo","8":"product_tag-2nd-auction-hu","9":"product_tag-dijjegyes","10":"product_tag-marcophily-hu","11":"product_tag-postatortenet","13":"first","14":"outofstock","15":"sold-individually","16":"shipping-taxable","17":"product-type-simple"},"_links":{"self":[{"href":"https:\/\/stampcurio.com\/hu\/wp-json\/wp\/v2\/product\/15519","targetHints":{"allow":["GET"]}}],"collection":[{"href":"https:\/\/stampcurio.com\/hu\/wp-json\/wp\/v2\/product"}],"about":[{"href":"https:\/\/stampcurio.com\/hu\/wp-json\/wp\/v2\/types\/product"}],"wp:featuredmedia":[{"embeddable":true,"href":"https:\/\/stampcurio.com\/hu\/wp-json\/wp\/v2\/media\/19284"}],"wp:attachment":[{"href":"https:\/\/stampcurio.com\/hu\/wp-json\/wp\/v2\/media?parent=15519"}],"wp:term":[{"taxonomy":"product_brand","embeddable":true,"href":"https:\/\/stampcurio.com\/hu\/wp-json\/wp\/v2\/product_brand?post=15519"},{"taxonomy":"product_cat","embeddable":true,"href":"https:\/\/stampcurio.com\/hu\/wp-json\/wp\/v2\/product_cat?post=15519"},{"taxonomy":"product_tag","embeddable":true,"href":"https:\/\/stampcurio.com\/hu\/wp-json\/wp\/v2\/product_tag?post=15519"}],"curies":[{"name":"wp","href":"https:\/\/api.w.org\/{rel}","templated":true}]}}