{"id":15518,"date":"2024-11-29T18:31:41","date_gmt":"2024-11-29T17:31:41","guid":{"rendered":"https:\/\/stampcurio.com\/product\/xxx-cashau-rompes-50-gudlin-500-a-kassai-turcsanyi-ferenc-kanon-levele-testverenek-piros-kassa-franko-belyegzessel-xxx-kistyanfalvax\/"},"modified":"2025-12-05T04:06:14","modified_gmt":"2025-12-05T03:06:14","slug":"1842-ausztria-turcsanyi-ferenc-kassai-kanon-levele-testverenek-kustanfalvara-kuldve-piros-cashau-franco-belyegzessel-rompes-50-pont-gudlin-500-pont","status":"publish","type":"product","link":"https:\/\/stampcurio.com\/hu\/termek\/1842-ausztria-turcsanyi-ferenc-kassai-kanon-levele-testverenek-kustanfalvara-kuldve-piros-cashau-franco-belyegzessel-rompes-50-pont-gudlin-500-pont\/","title":{"rendered":"1842 Ausztria &#8211; Turcs\u00e1nyi Ferenc kassai kanon levele testv\u00e9r\u00e9nek Kust\u00e1nfalv\u00e1ra k\u00fcldve. Piros CASHAU franco b\u00e9lyegz\u00e9ssel &#8211; Rompes: 50 pont, Gudlin: 500 pont"},"content":{"rendered":"","protected":false},"excerpt":{"rendered":"","protected":false},"featured_media":19278,"template":"","meta":[],"product_brand":[],"product_cat":[1178,1172,1189,1226],"product_tag":[1664,1333,1041,89,1631,1006,1305],"class_list":{"0":"post-15518","1":"product","2":"type-product","3":"status-publish","4":"has-post-thumbnail","6":"product_cat-ausztria","7":"product_cat-magyarorszag","8":"product_cat-szlovakia","9":"product_cat-ukrajna","10":"product_tag-2nd-auction-hu","11":"product_tag-karpatalja-hu","12":"product_tag-marcophily-hu","13":"product_tag-postatortenet","14":"product_tag-pre-upu","15":"product_tag-unsold","16":"product_tag-vorphila","18":"first","19":"outofstock","20":"sold-individually","21":"shipping-taxable","22":"product-type-simple"},"_links":{"self":[{"href":"https:\/\/stampcurio.com\/hu\/wp-json\/wp\/v2\/product\/15518","targetHints":{"allow":["GET"]}}],"collection":[{"href":"https:\/\/stampcurio.com\/hu\/wp-json\/wp\/v2\/product"}],"about":[{"href":"https:\/\/stampcurio.com\/hu\/wp-json\/wp\/v2\/types\/product"}],"wp:featuredmedia":[{"embeddable":true,"href":"https:\/\/stampcurio.com\/hu\/wp-json\/wp\/v2\/media\/19278"}],"wp:attachment":[{"href":"https:\/\/stampcurio.com\/hu\/wp-json\/wp\/v2\/media?parent=15518"}],"wp:term":[{"taxonomy":"product_brand","embeddable":true,"href":"https:\/\/stampcurio.com\/hu\/wp-json\/wp\/v2\/product_brand?post=15518"},{"taxonomy":"product_cat","embeddable":true,"href":"https:\/\/stampcurio.com\/hu\/wp-json\/wp\/v2\/product_cat?post=15518"},{"taxonomy":"product_tag","embeddable":true,"href":"https:\/\/stampcurio.com\/hu\/wp-json\/wp\/v2\/product_tag?post=15518"}],"curies":[{"name":"wp","href":"https:\/\/api.w.org\/{rel}","templated":true}]}}