{"id":15516,"date":"2024-11-29T18:31:40","date_gmt":"2024-11-29T17:31:40","guid":{"rendered":"https:\/\/stampcurio.com\/product\/1849-korfurol-ion-szigetekrol-brit-gyarmat-londonba-kuldott-level-tireszten-at\/"},"modified":"2025-12-05T04:06:15","modified_gmt":"2025-12-05T03:06:15","slug":"1849-ion-szigetek-ausztrian-poroszorszagon-es-belgiumon-keresztul-londonba-kuldott-fertotlenitett-boritek-a-reszletek-a-wijnants-attesten-megtalalhatoak","status":"publish","type":"product","link":"https:\/\/stampcurio.com\/hu\/termek\/1849-ion-szigetek-ausztrian-poroszorszagon-es-belgiumon-keresztul-londonba-kuldott-fertotlenitett-boritek-a-reszletek-a-wijnants-attesten-megtalalhatoak\/","title":{"rendered":"1849 Ion-szigetek &#8211; Ausztri\u00e1n, Poroszorsz\u00e1gon \u00e9s Belgiumon kereszt\u00fcl Londonba k\u00fcld\u00f6tt fert\u0151tlen\u00edtett bor\u00edt\u00e9k. A r\u00e9szletek a Wijnants attesten megtal\u00e1lhat\u00f3ak."},"content":{"rendered":"","protected":false},"excerpt":{"rendered":"","protected":false},"featured_media":19194,"template":"","meta":[],"product_brand":[],"product_cat":[1178,1257,1186,1207,1175],"product_tag":[1664,176,89,1631,1006,1305],"class_list":{"0":"post-15516","1":"product","2":"type-product","3":"status-publish","4":"has-post-thumbnail","6":"product_cat-ausztria","7":"product_cat-belgium","8":"product_cat-brit-birodalom","9":"product_cat-gorogorszag","10":"product_cat-nemetorszag","11":"product_tag-2nd-auction-hu","12":"product_tag-philagem","13":"product_tag-postatortenet","14":"product_tag-pre-upu","15":"product_tag-unsold","16":"product_tag-vorphila","18":"first","19":"outofstock","20":"sold-individually","21":"shipping-taxable","22":"product-type-simple"},"_links":{"self":[{"href":"https:\/\/stampcurio.com\/hu\/wp-json\/wp\/v2\/product\/15516","targetHints":{"allow":["GET"]}}],"collection":[{"href":"https:\/\/stampcurio.com\/hu\/wp-json\/wp\/v2\/product"}],"about":[{"href":"https:\/\/stampcurio.com\/hu\/wp-json\/wp\/v2\/types\/product"}],"wp:featuredmedia":[{"embeddable":true,"href":"https:\/\/stampcurio.com\/hu\/wp-json\/wp\/v2\/media\/19194"}],"wp:attachment":[{"href":"https:\/\/stampcurio.com\/hu\/wp-json\/wp\/v2\/media?parent=15516"}],"wp:term":[{"taxonomy":"product_brand","embeddable":true,"href":"https:\/\/stampcurio.com\/hu\/wp-json\/wp\/v2\/product_brand?post=15516"},{"taxonomy":"product_cat","embeddable":true,"href":"https:\/\/stampcurio.com\/hu\/wp-json\/wp\/v2\/product_cat?post=15516"},{"taxonomy":"product_tag","embeddable":true,"href":"https:\/\/stampcurio.com\/hu\/wp-json\/wp\/v2\/product_tag?post=15516"}],"curies":[{"name":"wp","href":"https:\/\/api.w.org\/{rel}","templated":true}]}}