{"id":15515,"date":"2024-11-29T18:31:40","date_gmt":"2024-11-29T17:31:40","guid":{"rendered":"https:\/\/stampcurio.com\/product\/1871-5-kr-gyomoro-gyor-m-gudlin-r\/"},"modified":"2025-12-05T04:06:15","modified_gmt":"2025-12-05T03:06:15","slug":"1871-magyarorszag-5-kr-reznyomat-luxus-gyomoro-gyor-m-lebelyegzessel-gudlin-r","status":"publish","type":"product","link":"https:\/\/stampcurio.com\/hu\/termek\/1871-magyarorszag-5-kr-reznyomat-luxus-gyomoro-gyor-m-lebelyegzessel-gudlin-r\/","title":{"rendered":"1871 Magyarorsz\u00e1g &#8211; 5 kr r\u00e9znyomat luxus GY\u00d6M\u00d6R\u0150 \/ GY\u00d6R M. leb\u00e9lyegz\u00e9ssel | Gudlin: R"},"content":{"rendered":"","protected":false},"excerpt":{"rendered":"","protected":false},"featured_media":23570,"template":"","meta":[],"product_brand":[],"product_cat":[1172],"product_tag":[1664,116,1041,1006],"class_list":{"0":"post-15515","1":"product","2":"type-product","3":"status-publish","4":"has-post-thumbnail","6":"product_cat-magyarorszag","7":"product_tag-2nd-auction-hu","8":"product_tag-belyeg","9":"product_tag-marcophily-hu","10":"product_tag-unsold","12":"first","13":"outofstock","14":"sold-individually","15":"shipping-taxable","16":"product-type-simple"},"_links":{"self":[{"href":"https:\/\/stampcurio.com\/hu\/wp-json\/wp\/v2\/product\/15515","targetHints":{"allow":["GET"]}}],"collection":[{"href":"https:\/\/stampcurio.com\/hu\/wp-json\/wp\/v2\/product"}],"about":[{"href":"https:\/\/stampcurio.com\/hu\/wp-json\/wp\/v2\/types\/product"}],"wp:featuredmedia":[{"embeddable":true,"href":"https:\/\/stampcurio.com\/hu\/wp-json\/wp\/v2\/media\/23570"}],"wp:attachment":[{"href":"https:\/\/stampcurio.com\/hu\/wp-json\/wp\/v2\/media?parent=15515"}],"wp:term":[{"taxonomy":"product_brand","embeddable":true,"href":"https:\/\/stampcurio.com\/hu\/wp-json\/wp\/v2\/product_brand?post=15515"},{"taxonomy":"product_cat","embeddable":true,"href":"https:\/\/stampcurio.com\/hu\/wp-json\/wp\/v2\/product_cat?post=15515"},{"taxonomy":"product_tag","embeddable":true,"href":"https:\/\/stampcurio.com\/hu\/wp-json\/wp\/v2\/product_tag?post=15515"}],"curies":[{"name":"wp","href":"https:\/\/api.w.org\/{rel}","templated":true}]}}