{"id":15514,"date":"2024-11-29T18:31:40","date_gmt":"2024-11-29T17:31:40","guid":{"rendered":"https:\/\/stampcurio.com\/product\/1916-julius-ajanlott-levlap-daniaba-cenzurazva\/"},"modified":"2025-12-05T04:06:14","modified_gmt":"2025-12-05T03:06:14","slug":"1916-magyarorszag-daniaba-kuldott-ajanlott-dijjegyes-levelezolap-cenzurazva","status":"publish","type":"product","link":"https:\/\/stampcurio.com\/hu\/termek\/1916-magyarorszag-daniaba-kuldott-ajanlott-dijjegyes-levelezolap-cenzurazva\/","title":{"rendered":"1916 Magyarorsz\u00e1g &#8211; D\u00e1ni\u00e1ba k\u00fcld\u00f6tt aj\u00e1nlott d\u00edjjegyes levelez\u0151lap cenz\u00far\u00e1zva"},"content":{"rendered":"","protected":false},"excerpt":{"rendered":"","protected":false},"featured_media":19310,"template":"","meta":[],"product_brand":[],"product_cat":[1200,1172],"product_tag":[1664,233,74,89,1006],"class_list":{"0":"post-15514","1":"product","2":"type-product","3":"status-publish","4":"has-post-thumbnail","6":"product_cat-dania","7":"product_cat-magyarorszag","8":"product_tag-2nd-auction-hu","9":"product_tag-cenzura","10":"product_tag-dijjegyes","11":"product_tag-postatortenet","12":"product_tag-unsold","14":"first","15":"outofstock","16":"sold-individually","17":"shipping-taxable","18":"product-type-simple"},"_links":{"self":[{"href":"https:\/\/stampcurio.com\/hu\/wp-json\/wp\/v2\/product\/15514","targetHints":{"allow":["GET"]}}],"collection":[{"href":"https:\/\/stampcurio.com\/hu\/wp-json\/wp\/v2\/product"}],"about":[{"href":"https:\/\/stampcurio.com\/hu\/wp-json\/wp\/v2\/types\/product"}],"wp:featuredmedia":[{"embeddable":true,"href":"https:\/\/stampcurio.com\/hu\/wp-json\/wp\/v2\/media\/19310"}],"wp:attachment":[{"href":"https:\/\/stampcurio.com\/hu\/wp-json\/wp\/v2\/media?parent=15514"}],"wp:term":[{"taxonomy":"product_brand","embeddable":true,"href":"https:\/\/stampcurio.com\/hu\/wp-json\/wp\/v2\/product_brand?post=15514"},{"taxonomy":"product_cat","embeddable":true,"href":"https:\/\/stampcurio.com\/hu\/wp-json\/wp\/v2\/product_cat?post=15514"},{"taxonomy":"product_tag","embeddable":true,"href":"https:\/\/stampcurio.com\/hu\/wp-json\/wp\/v2\/product_tag?post=15514"}],"curies":[{"name":"wp","href":"https:\/\/api.w.org\/{rel}","templated":true}]}}