{"id":15513,"date":"2024-11-29T18:31:39","date_gmt":"2024-11-29T17:31:39","guid":{"rendered":"https:\/\/stampcurio.com\/product\/1940-legiposta-boritek-szenegalbol-kassara-kuldve\/"},"modified":"2025-12-05T04:06:17","modified_gmt":"2025-12-05T03:06:17","slug":"1940-szenegal-legiposta-boritek-szenegalbol-magyarorszagra-kuldve-ritka-relacio","status":"publish","type":"product","link":"https:\/\/stampcurio.com\/hu\/termek\/1940-szenegal-legiposta-boritek-szenegalbol-magyarorszagra-kuldve-ritka-relacio\/","title":{"rendered":"1940 Szeneg\u00e1l &#8211; l\u00e9giposta bor\u00edt\u00e9k Szeneg\u00e1lb\u00f3l Magyarorsz\u00e1gra k\u00fcldve &#8211; ritka rel\u00e1ci\u00f3"},"content":{"rendered":"","protected":false},"excerpt":{"rendered":"","protected":false},"featured_media":19208,"template":"","meta":[],"product_brand":[],"product_cat":[1181,1172,1274,1189],"product_tag":[1664,116,115,89],"class_list":{"0":"post-15513","1":"product","2":"type-product","3":"status-publish","4":"has-post-thumbnail","6":"product_cat-franciaorszag","7":"product_cat-magyarorszag","8":"product_cat-szenegal","9":"product_cat-szlovakia","10":"product_tag-2nd-auction-hu","11":"product_tag-belyeg","12":"product_tag-legiposta","13":"product_tag-postatortenet","15":"first","16":"outofstock","17":"sold-individually","18":"shipping-taxable","19":"product-type-simple"},"_links":{"self":[{"href":"https:\/\/stampcurio.com\/hu\/wp-json\/wp\/v2\/product\/15513","targetHints":{"allow":["GET"]}}],"collection":[{"href":"https:\/\/stampcurio.com\/hu\/wp-json\/wp\/v2\/product"}],"about":[{"href":"https:\/\/stampcurio.com\/hu\/wp-json\/wp\/v2\/types\/product"}],"wp:featuredmedia":[{"embeddable":true,"href":"https:\/\/stampcurio.com\/hu\/wp-json\/wp\/v2\/media\/19208"}],"wp:attachment":[{"href":"https:\/\/stampcurio.com\/hu\/wp-json\/wp\/v2\/media?parent=15513"}],"wp:term":[{"taxonomy":"product_brand","embeddable":true,"href":"https:\/\/stampcurio.com\/hu\/wp-json\/wp\/v2\/product_brand?post=15513"},{"taxonomy":"product_cat","embeddable":true,"href":"https:\/\/stampcurio.com\/hu\/wp-json\/wp\/v2\/product_cat?post=15513"},{"taxonomy":"product_tag","embeddable":true,"href":"https:\/\/stampcurio.com\/hu\/wp-json\/wp\/v2\/product_tag?post=15513"}],"curies":[{"name":"wp","href":"https:\/\/api.w.org\/{rel}","templated":true}]}}