{"id":15512,"date":"2024-11-29T18:31:39","date_gmt":"2024-11-29T17:31:39","guid":{"rendered":"https:\/\/stampcurio.com\/product\/1909-algeriabol-budapestre-ritka-relacio\/"},"modified":"2025-12-05T04:06:16","modified_gmt":"2025-12-05T03:06:16","slug":"1909-algeria-budapestre-kuldott-boritek-c-l-perfinnel-ritka-relacio","status":"publish","type":"product","link":"https:\/\/stampcurio.com\/hu\/termek\/1909-algeria-budapestre-kuldott-boritek-c-l-perfinnel-ritka-relacio\/","title":{"rendered":"1909 Alg\u00e9ria &#8211; Budapestre k\u00fcld\u00f6tt bor\u00edt\u00e9k C.L. perfinnel &#8211; ritka rel\u00e1ci\u00f3"},"content":{"rendered":"","protected":false},"excerpt":{"rendered":"<p>F\u00fcgg\u0151leges hajt\u00e1snyom a lev\u00e9len, a b\u00e9lyeget nem \u00e9rinti.<\/p>\n","protected":false},"featured_media":19290,"template":"","meta":[],"product_brand":[],"product_cat":[1263,1172],"product_tag":[1664,230,89],"class_list":{"0":"post-15512","1":"product","2":"type-product","3":"status-publish","4":"has-post-thumbnail","6":"product_cat-algeria","7":"product_cat-magyarorszag","8":"product_tag-2nd-auction-hu","9":"product_tag-perfin","10":"product_tag-postatortenet","12":"first","13":"outofstock","14":"sold-individually","15":"shipping-taxable","16":"product-type-simple"},"_links":{"self":[{"href":"https:\/\/stampcurio.com\/hu\/wp-json\/wp\/v2\/product\/15512","targetHints":{"allow":["GET"]}}],"collection":[{"href":"https:\/\/stampcurio.com\/hu\/wp-json\/wp\/v2\/product"}],"about":[{"href":"https:\/\/stampcurio.com\/hu\/wp-json\/wp\/v2\/types\/product"}],"wp:featuredmedia":[{"embeddable":true,"href":"https:\/\/stampcurio.com\/hu\/wp-json\/wp\/v2\/media\/19290"}],"wp:attachment":[{"href":"https:\/\/stampcurio.com\/hu\/wp-json\/wp\/v2\/media?parent=15512"}],"wp:term":[{"taxonomy":"product_brand","embeddable":true,"href":"https:\/\/stampcurio.com\/hu\/wp-json\/wp\/v2\/product_brand?post=15512"},{"taxonomy":"product_cat","embeddable":true,"href":"https:\/\/stampcurio.com\/hu\/wp-json\/wp\/v2\/product_cat?post=15512"},{"taxonomy":"product_tag","embeddable":true,"href":"https:\/\/stampcurio.com\/hu\/wp-json\/wp\/v2\/product_tag?post=15512"}],"curies":[{"name":"wp","href":"https:\/\/api.w.org\/{rel}","templated":true}]}}