{"id":15511,"date":"2024-11-29T18:31:39","date_gmt":"2024-11-29T17:31:39","guid":{"rendered":"https:\/\/stampcurio.com\/product\/1914-przemysl-az-ostromlott-kuldott-tabori-ajanlott-posta-lap-amely-reszleges-portobmentesseget-evezett-ezert-csak-xx-van-lerova-a-valaszlap-masik-valaszlap-hozzavarva-ostrom-miatt-visszaf\/"},"modified":"2025-12-05T04:06:16","modified_gmt":"2025-12-05T03:06:16","slug":"1914-magyarorszag-az-ostromlott-przemysl-be-kuldott-ajanlott-tabori-posta-lap-amely-reszleges-portomentesseget-elvezett-csak-az-ajanlasi-dij-van-fizetve-egy-masik-tabori-posta-lapot-valaszlapken","status":"publish","type":"product","link":"https:\/\/stampcurio.com\/hu\/termek\/1914-magyarorszag-az-ostromlott-przemysl-be-kuldott-ajanlott-tabori-posta-lap-amely-reszleges-portomentesseget-elvezett-csak-az-ajanlasi-dij-van-fizetve-egy-masik-tabori-posta-lapot-valaszlapken\/","title":{"rendered":"1914 Magyarorsz\u00e1g &#8211; az ostromlott Przemysl-be k\u00fcld\u00f6tt aj\u00e1nlott t\u00e1bori posta lap, amely r\u00e9szleges port\u00f3mentess\u00e9get \u00e9lvezett (csak az aj\u00e1nl\u00e1si d\u00edj van fizetve), egy m\u00e1sik t\u00e1bori posta lapot v\u00e1laszlapk\u00e9nt a hozz\u00e1vartak a k\u00fcldem\u00e9nyhez. Az ostrom miatt visszaford\u00edtva Magyarorsz\u00e1gra. Rendk\u00edv\u00fcli kordokumentum!"},"content":{"rendered":"","protected":false},"excerpt":{"rendered":"","protected":false},"featured_media":19212,"template":"","meta":[],"product_brand":[],"product_cat":[1178,1190,1172],"product_tag":[1664,108,89,208],"class_list":{"0":"post-15511","1":"product","2":"type-product","3":"status-publish","4":"has-post-thumbnail","6":"product_cat-ausztria","7":"product_cat-lengyelorszag","8":"product_cat-magyarorszag","9":"product_tag-2nd-auction-hu","10":"product_tag-porto","11":"product_tag-postatortenet","12":"product_tag-tabori-posta","14":"first","15":"outofstock","16":"sold-individually","17":"shipping-taxable","18":"product-type-simple"},"_links":{"self":[{"href":"https:\/\/stampcurio.com\/hu\/wp-json\/wp\/v2\/product\/15511","targetHints":{"allow":["GET"]}}],"collection":[{"href":"https:\/\/stampcurio.com\/hu\/wp-json\/wp\/v2\/product"}],"about":[{"href":"https:\/\/stampcurio.com\/hu\/wp-json\/wp\/v2\/types\/product"}],"wp:featuredmedia":[{"embeddable":true,"href":"https:\/\/stampcurio.com\/hu\/wp-json\/wp\/v2\/media\/19212"}],"wp:attachment":[{"href":"https:\/\/stampcurio.com\/hu\/wp-json\/wp\/v2\/media?parent=15511"}],"wp:term":[{"taxonomy":"product_brand","embeddable":true,"href":"https:\/\/stampcurio.com\/hu\/wp-json\/wp\/v2\/product_brand?post=15511"},{"taxonomy":"product_cat","embeddable":true,"href":"https:\/\/stampcurio.com\/hu\/wp-json\/wp\/v2\/product_cat?post=15511"},{"taxonomy":"product_tag","embeddable":true,"href":"https:\/\/stampcurio.com\/hu\/wp-json\/wp\/v2\/product_tag?post=15511"}],"curies":[{"name":"wp","href":"https:\/\/api.w.org\/{rel}","templated":true}]}}