{"id":15510,"date":"2024-11-29T18:31:39","date_gmt":"2024-11-29T17:31:39","guid":{"rendered":"https:\/\/stampcurio.com\/product\/1853-hirdetesi-bizonyitvany-kisborosnyo\/"},"modified":"2025-12-05T04:06:15","modified_gmt":"2025-12-05T03:06:15","slug":"1853-ausztria-kisborosnyon-a-15-krajcaros-szignettas-papiros-hianya-okan-osszevarratott-egy-10-es-ket-3-krajcaros-szignettas-papir-a-megfelelo-illeteklerovas-vegett","status":"publish","type":"product","link":"https:\/\/stampcurio.com\/hu\/termek\/1853-ausztria-kisborosnyon-a-15-krajcaros-szignettas-papiros-hianya-okan-osszevarratott-egy-10-es-ket-3-krajcaros-szignettas-papir-a-megfelelo-illeteklerovas-vegett\/","title":{"rendered":"1853 Ausztria &#8211; Kisborosny\u00f3n a 15 krajc\u00e1ros szignett\u00e1s pap\u00edros hi\u00e1nya ok\u00e1n \u00f6sszevarratott egy 10 \u00e9s k\u00e9t 3 krajc\u00e1ros szignett\u00e1s pap\u00edr a megfelel\u0151 illet\u00e9klerov\u00e1s v\u00e9gett"},"content":{"rendered":"","protected":false},"excerpt":{"rendered":"","protected":false},"featured_media":19320,"template":"","meta":[],"product_brand":[],"product_cat":[1178,1172,1208],"product_tag":[1664,282,256,1329,1006],"class_list":{"0":"post-15510","1":"product","2":"type-product","3":"status-publish","4":"has-post-thumbnail","6":"product_cat-ausztria","7":"product_cat-magyarorszag","8":"product_cat-romania","9":"product_tag-2nd-auction-hu","10":"product_tag-okmanybelyeg","11":"product_tag-provizorium","12":"product_tag-szignetta","13":"product_tag-unsold","15":"first","16":"outofstock","17":"sold-individually","18":"shipping-taxable","19":"product-type-simple"},"_links":{"self":[{"href":"https:\/\/stampcurio.com\/hu\/wp-json\/wp\/v2\/product\/15510","targetHints":{"allow":["GET"]}}],"collection":[{"href":"https:\/\/stampcurio.com\/hu\/wp-json\/wp\/v2\/product"}],"about":[{"href":"https:\/\/stampcurio.com\/hu\/wp-json\/wp\/v2\/types\/product"}],"wp:featuredmedia":[{"embeddable":true,"href":"https:\/\/stampcurio.com\/hu\/wp-json\/wp\/v2\/media\/19320"}],"wp:attachment":[{"href":"https:\/\/stampcurio.com\/hu\/wp-json\/wp\/v2\/media?parent=15510"}],"wp:term":[{"taxonomy":"product_brand","embeddable":true,"href":"https:\/\/stampcurio.com\/hu\/wp-json\/wp\/v2\/product_brand?post=15510"},{"taxonomy":"product_cat","embeddable":true,"href":"https:\/\/stampcurio.com\/hu\/wp-json\/wp\/v2\/product_cat?post=15510"},{"taxonomy":"product_tag","embeddable":true,"href":"https:\/\/stampcurio.com\/hu\/wp-json\/wp\/v2\/product_tag?post=15510"}],"curies":[{"name":"wp","href":"https:\/\/api.w.org\/{rel}","templated":true}]}}