{"id":15509,"date":"2024-11-29T18:31:38","date_gmt":"2024-11-29T17:31:38","guid":{"rendered":"https:\/\/stampcurio.com\/product\/1945-jan-26-csomagszallito-muraszombat-szombathely-az-egyik-legkesobbi-csomagszallito\/"},"modified":"2025-12-05T04:06:18","modified_gmt":"2025-12-05T03:06:18","slug":"1945-magyarorszag-januar-26-muraszombatrol-szombathelyre-kuldott-szallitolevel-az-egyik-legkesobbi-szallitolevel-az-orosz-megszallas-elotti-idoszakrol","status":"publish","type":"product","link":"https:\/\/stampcurio.com\/hu\/termek\/1945-magyarorszag-januar-26-muraszombatrol-szombathelyre-kuldott-szallitolevel-az-egyik-legkesobbi-szallitolevel-az-orosz-megszallas-elotti-idoszakrol\/","title":{"rendered":"1945 Magyarorsz\u00e1g &#8211; janu\u00e1r 26. (!) Muraszombatr\u00f3l Szombathelyre k\u00fcld\u00f6tt sz\u00e1ll\u00edt\u00f3lev\u00e9l.- Az egyik legk\u00e9s\u0151bbi sz\u00e1ll\u00edt\u00f3lev\u00e9l  az orosz megsz\u00e1ll\u00e1s el\u0151tti id\u0151szakr\u00f3l"},"content":{"rendered":"","protected":false},"excerpt":{"rendered":"","protected":false},"featured_media":19314,"template":"","meta":[],"product_brand":[],"product_cat":[1172,1236],"product_tag":[1664,89,157,1006],"class_list":{"0":"post-15509","1":"product","2":"type-product","3":"status-publish","4":"has-post-thumbnail","6":"product_cat-magyarorszag","7":"product_cat-szlovenia","8":"product_tag-2nd-auction-hu","9":"product_tag-postatortenet","10":"product_tag-szallitolevel","11":"product_tag-unsold","13":"first","14":"outofstock","15":"sold-individually","16":"shipping-taxable","17":"product-type-simple"},"_links":{"self":[{"href":"https:\/\/stampcurio.com\/hu\/wp-json\/wp\/v2\/product\/15509","targetHints":{"allow":["GET"]}}],"collection":[{"href":"https:\/\/stampcurio.com\/hu\/wp-json\/wp\/v2\/product"}],"about":[{"href":"https:\/\/stampcurio.com\/hu\/wp-json\/wp\/v2\/types\/product"}],"wp:featuredmedia":[{"embeddable":true,"href":"https:\/\/stampcurio.com\/hu\/wp-json\/wp\/v2\/media\/19314"}],"wp:attachment":[{"href":"https:\/\/stampcurio.com\/hu\/wp-json\/wp\/v2\/media?parent=15509"}],"wp:term":[{"taxonomy":"product_brand","embeddable":true,"href":"https:\/\/stampcurio.com\/hu\/wp-json\/wp\/v2\/product_brand?post=15509"},{"taxonomy":"product_cat","embeddable":true,"href":"https:\/\/stampcurio.com\/hu\/wp-json\/wp\/v2\/product_cat?post=15509"},{"taxonomy":"product_tag","embeddable":true,"href":"https:\/\/stampcurio.com\/hu\/wp-json\/wp\/v2\/product_tag?post=15509"}],"curies":[{"name":"wp","href":"https:\/\/api.w.org\/{rel}","templated":true}]}}