{"id":15508,"date":"2024-11-29T18:31:38","date_gmt":"2024-11-29T17:31:38","guid":{"rendered":"https:\/\/stampcurio.com\/product\/bosrakany-1945-februar-csomagszallito-feb-23-legkesobbi-ismert-datumu-csomagszallito-az-orosz-megszallas-elott\/"},"modified":"2025-12-05T04:06:17","modified_gmt":"2025-12-05T03:06:17","slug":"1945-magyarorszag-februar-23-bosarkanyrol-szombathelyre-kuldott-szallitolevel-az-orosz-megszallas-elotti-legkesobbi-ismert-datumu-szallitolevel","status":"publish","type":"product","link":"https:\/\/stampcurio.com\/hu\/termek\/1945-magyarorszag-februar-23-bosarkanyrol-szombathelyre-kuldott-szallitolevel-az-orosz-megszallas-elotti-legkesobbi-ismert-datumu-szallitolevel\/","title":{"rendered":"1945 Magyarorsz\u00e1g &#8211; febru\u00e1r 23. (!) B\u0151s\u00e1rk\u00e1nyr\u0151l Szombathelyre k\u00fcld\u00f6tt sz\u00e1ll\u00edt\u00f3lev\u00e9l &#8211; Az orosz megsz\u00e1ll\u00e1s el\u0151tti legk\u00e9s\u0151bbi ismert d\u00e1tum\u00fa sz\u00e1ll\u00edt\u00f3lev\u00e9l"},"content":{"rendered":"","protected":false},"excerpt":{"rendered":"","protected":false},"featured_media":19298,"template":"","meta":[],"product_brand":[],"product_cat":[1172],"product_tag":[279,1664,89,157,1006],"class_list":{"0":"post-15508","1":"product","2":"type-product","3":"status-publish","4":"has-post-thumbnail","6":"product_cat-magyarorszag","7":"product_tag-1944-45","8":"product_tag-2nd-auction-hu","9":"product_tag-postatortenet","10":"product_tag-szallitolevel","11":"product_tag-unsold","13":"first","14":"outofstock","15":"sold-individually","16":"shipping-taxable","17":"product-type-simple"},"_links":{"self":[{"href":"https:\/\/stampcurio.com\/hu\/wp-json\/wp\/v2\/product\/15508","targetHints":{"allow":["GET"]}}],"collection":[{"href":"https:\/\/stampcurio.com\/hu\/wp-json\/wp\/v2\/product"}],"about":[{"href":"https:\/\/stampcurio.com\/hu\/wp-json\/wp\/v2\/types\/product"}],"wp:featuredmedia":[{"embeddable":true,"href":"https:\/\/stampcurio.com\/hu\/wp-json\/wp\/v2\/media\/19298"}],"wp:attachment":[{"href":"https:\/\/stampcurio.com\/hu\/wp-json\/wp\/v2\/media?parent=15508"}],"wp:term":[{"taxonomy":"product_brand","embeddable":true,"href":"https:\/\/stampcurio.com\/hu\/wp-json\/wp\/v2\/product_brand?post=15508"},{"taxonomy":"product_cat","embeddable":true,"href":"https:\/\/stampcurio.com\/hu\/wp-json\/wp\/v2\/product_cat?post=15508"},{"taxonomy":"product_tag","embeddable":true,"href":"https:\/\/stampcurio.com\/hu\/wp-json\/wp\/v2\/product_tag?post=15508"}],"curies":[{"name":"wp","href":"https:\/\/api.w.org\/{rel}","templated":true}]}}