{"id":15507,"date":"2024-11-29T18:31:38","date_gmt":"2024-11-29T17:31:38","guid":{"rendered":"https:\/\/stampcurio.com\/product\/1941-helyi-ajanlott-reszlegesen-portomentes-boritek\/"},"modified":"2025-12-05T04:06:17","modified_gmt":"2025-12-05T03:06:17","slug":"1941-magyarorszag-helyi-ajanlott-reszlegesen-portomentes-boritek-csak-a-30f-helyi-ajanlasi-dij-van-megfizetve-ritka-bermentesites","status":"publish","type":"product","link":"https:\/\/stampcurio.com\/hu\/termek\/1941-magyarorszag-helyi-ajanlott-reszlegesen-portomentes-boritek-csak-a-30f-helyi-ajanlasi-dij-van-megfizetve-ritka-bermentesites\/","title":{"rendered":"1941 Magyarorsz\u00e1g &#8211; helyi aj\u00e1nlott r\u00e9szlegesen port\u00f3mentes bor\u00edt\u00e9k &#8211; csak a 30f helyi aj\u00e1nl\u00e1si d\u00edj van megfizetve &#8211; ritka b\u00e9rmentes\u00edt\u00e9s"},"content":{"rendered":"","protected":false},"excerpt":{"rendered":"","protected":false},"featured_media":23983,"template":"","meta":[],"product_brand":[],"product_cat":[1172],"product_tag":[1664,108,89],"class_list":{"0":"post-15507","1":"product","2":"type-product","3":"status-publish","4":"has-post-thumbnail","6":"product_cat-magyarorszag","7":"product_tag-2nd-auction-hu","8":"product_tag-porto","9":"product_tag-postatortenet","11":"first","12":"outofstock","13":"sold-individually","14":"shipping-taxable","15":"product-type-simple"},"_links":{"self":[{"href":"https:\/\/stampcurio.com\/hu\/wp-json\/wp\/v2\/product\/15507","targetHints":{"allow":["GET"]}}],"collection":[{"href":"https:\/\/stampcurio.com\/hu\/wp-json\/wp\/v2\/product"}],"about":[{"href":"https:\/\/stampcurio.com\/hu\/wp-json\/wp\/v2\/types\/product"}],"wp:featuredmedia":[{"embeddable":true,"href":"https:\/\/stampcurio.com\/hu\/wp-json\/wp\/v2\/media\/23983"}],"wp:attachment":[{"href":"https:\/\/stampcurio.com\/hu\/wp-json\/wp\/v2\/media?parent=15507"}],"wp:term":[{"taxonomy":"product_brand","embeddable":true,"href":"https:\/\/stampcurio.com\/hu\/wp-json\/wp\/v2\/product_brand?post=15507"},{"taxonomy":"product_cat","embeddable":true,"href":"https:\/\/stampcurio.com\/hu\/wp-json\/wp\/v2\/product_cat?post=15507"},{"taxonomy":"product_tag","embeddable":true,"href":"https:\/\/stampcurio.com\/hu\/wp-json\/wp\/v2\/product_tag?post=15507"}],"curies":[{"name":"wp","href":"https:\/\/api.w.org\/{rel}","templated":true}]}}