{"id":15506,"date":"2024-11-29T18:31:37","date_gmt":"2024-11-29T17:31:37","guid":{"rendered":"https:\/\/stampcurio.com\/product\/1912-fiume-ajanlott-expressz-boritek-olaszorszagba-kuldve\/"},"modified":"2025-12-05T04:06:19","modified_gmt":"2025-12-05T03:06:19","slug":"1912-magyarorszag-ajanlott-expressz-boritek-fiumebol-olaszorszagba-kuldve","status":"publish","type":"product","link":"https:\/\/stampcurio.com\/hu\/termek\/1912-magyarorszag-ajanlott-expressz-boritek-fiumebol-olaszorszagba-kuldve\/","title":{"rendered":"1912 Magyarorsz\u00e1g &#8211; aj\u00e1nlott expressz bor\u00edt\u00e9k Fium\u00e9b\u00f3l Olaszorsz\u00e1gba k\u00fcldve"},"content":{"rendered":"","protected":false},"excerpt":{"rendered":"","protected":false},"featured_media":19304,"template":"","meta":[],"product_brand":[],"product_cat":[1275,1192,1172,1183],"product_tag":[1664,1041,89],"class_list":{"0":"post-15506","1":"product","2":"type-product","3":"status-publish","4":"has-post-thumbnail","6":"product_cat-fiume","7":"product_cat-horvatorszag","8":"product_cat-magyarorszag","9":"product_cat-olaszorszag","10":"product_tag-2nd-auction-hu","11":"product_tag-marcophily-hu","12":"product_tag-postatortenet","14":"first","15":"outofstock","16":"sold-individually","17":"shipping-taxable","18":"product-type-simple"},"_links":{"self":[{"href":"https:\/\/stampcurio.com\/hu\/wp-json\/wp\/v2\/product\/15506","targetHints":{"allow":["GET"]}}],"collection":[{"href":"https:\/\/stampcurio.com\/hu\/wp-json\/wp\/v2\/product"}],"about":[{"href":"https:\/\/stampcurio.com\/hu\/wp-json\/wp\/v2\/types\/product"}],"wp:featuredmedia":[{"embeddable":true,"href":"https:\/\/stampcurio.com\/hu\/wp-json\/wp\/v2\/media\/19304"}],"wp:attachment":[{"href":"https:\/\/stampcurio.com\/hu\/wp-json\/wp\/v2\/media?parent=15506"}],"wp:term":[{"taxonomy":"product_brand","embeddable":true,"href":"https:\/\/stampcurio.com\/hu\/wp-json\/wp\/v2\/product_brand?post=15506"},{"taxonomy":"product_cat","embeddable":true,"href":"https:\/\/stampcurio.com\/hu\/wp-json\/wp\/v2\/product_cat?post=15506"},{"taxonomy":"product_tag","embeddable":true,"href":"https:\/\/stampcurio.com\/hu\/wp-json\/wp\/v2\/product_tag?post=15506"}],"curies":[{"name":"wp","href":"https:\/\/api.w.org\/{rel}","templated":true}]}}