{"id":15505,"date":"2024-11-29T18:31:37","date_gmt":"2024-11-29T17:31:37","guid":{"rendered":"https:\/\/stampcurio.com\/product\/xxx-die-drau-komplett-ujsag-pest-lipotvaros-atmeno-belyegzessel-becsi-piros-erkezesi-belyegzovel-osztrak-hirlapbelyeggel\/"},"modified":"2025-12-05T04:06:18","modified_gmt":"2025-12-05T03:06:18","slug":"1873-ausztria-die-drau-komplett-ujsag-osztrak-hirlapbelyeggel-pest-lipotvaros-atmeno-belyegzessel-becsi-piros-erkezesi-belyegzovel","status":"publish","type":"product","link":"https:\/\/stampcurio.com\/hu\/termek\/1873-ausztria-die-drau-komplett-ujsag-osztrak-hirlapbelyeggel-pest-lipotvaros-atmeno-belyegzessel-becsi-piros-erkezesi-belyegzovel\/","title":{"rendered":"1873 Ausztria &#8211; Die Drau komplett \u00fajs\u00e1g osztr\u00e1k h\u00edrlapb\u00e9lyeggel &#8211; Pest Lip\u00f3tv\u00e1ros \u00e1tmen\u0151 b\u00e9lyegz\u00e9ssel b\u00e9csi piros \u00e9rkez\u00e9si b\u00e9lyegz\u0151vel"},"content":{"rendered":"","protected":false},"excerpt":{"rendered":"","protected":false},"featured_media":19657,"template":"","meta":[],"product_brand":[],"product_cat":[1178,1192,1172],"product_tag":[1664,1296,1041,282,89],"class_list":{"0":"post-15505","1":"product","2":"type-product","3":"status-publish","4":"has-post-thumbnail","6":"product_cat-ausztria","7":"product_cat-horvatorszag","8":"product_cat-magyarorszag","9":"product_tag-2nd-auction-hu","10":"product_tag-hirlapbelyeg","11":"product_tag-marcophily-hu","12":"product_tag-okmanybelyeg","13":"product_tag-postatortenet","15":"first","16":"outofstock","17":"sold-individually","18":"shipping-taxable","19":"product-type-simple"},"_links":{"self":[{"href":"https:\/\/stampcurio.com\/hu\/wp-json\/wp\/v2\/product\/15505","targetHints":{"allow":["GET"]}}],"collection":[{"href":"https:\/\/stampcurio.com\/hu\/wp-json\/wp\/v2\/product"}],"about":[{"href":"https:\/\/stampcurio.com\/hu\/wp-json\/wp\/v2\/types\/product"}],"wp:featuredmedia":[{"embeddable":true,"href":"https:\/\/stampcurio.com\/hu\/wp-json\/wp\/v2\/media\/19657"}],"wp:attachment":[{"href":"https:\/\/stampcurio.com\/hu\/wp-json\/wp\/v2\/media?parent=15505"}],"wp:term":[{"taxonomy":"product_brand","embeddable":true,"href":"https:\/\/stampcurio.com\/hu\/wp-json\/wp\/v2\/product_brand?post=15505"},{"taxonomy":"product_cat","embeddable":true,"href":"https:\/\/stampcurio.com\/hu\/wp-json\/wp\/v2\/product_cat?post=15505"},{"taxonomy":"product_tag","embeddable":true,"href":"https:\/\/stampcurio.com\/hu\/wp-json\/wp\/v2\/product_tag?post=15505"}],"curies":[{"name":"wp","href":"https:\/\/api.w.org\/{rel}","templated":true}]}}