{"id":15504,"date":"2024-11-29T18:31:37","date_gmt":"2024-11-29T17:31:37","guid":{"rendered":"https:\/\/stampcurio.com\/product\/1913-lipcse-baufachhaustellung-kiallitas-levelzaroja-postatiszta\/"},"modified":"2025-12-05T04:06:18","modified_gmt":"2025-12-05T03:06:18","slug":"1913-nemetorszag-lipcse-baufachhaustellung-postatiszta-levelzarok","status":"publish","type":"product","link":"https:\/\/stampcurio.com\/hu\/termek\/1913-nemetorszag-lipcse-baufachhaustellung-postatiszta-levelzarok\/","title":{"rendered":"1913 N\u00e9metorsz\u00e1g &#8211; Lipcse Baufachhaustellung postatiszta * lev\u00e9lz\u00e1r\u00f3k"},"content":{"rendered":"","protected":false},"excerpt":{"rendered":"","protected":false},"featured_media":19022,"template":"","meta":[],"product_brand":[],"product_cat":[1175],"product_tag":[1664,194,288,1006],"class_list":{"0":"post-15504","1":"product","2":"type-product","3":"status-publish","4":"has-post-thumbnail","6":"product_cat-nemetorszag","7":"product_tag-2nd-auction-hu","8":"product_tag-levelzaro","9":"product_tag-parafilatelia","10":"product_tag-unsold","12":"first","13":"outofstock","14":"sold-individually","15":"shipping-taxable","16":"product-type-simple"},"_links":{"self":[{"href":"https:\/\/stampcurio.com\/hu\/wp-json\/wp\/v2\/product\/15504","targetHints":{"allow":["GET"]}}],"collection":[{"href":"https:\/\/stampcurio.com\/hu\/wp-json\/wp\/v2\/product"}],"about":[{"href":"https:\/\/stampcurio.com\/hu\/wp-json\/wp\/v2\/types\/product"}],"wp:featuredmedia":[{"embeddable":true,"href":"https:\/\/stampcurio.com\/hu\/wp-json\/wp\/v2\/media\/19022"}],"wp:attachment":[{"href":"https:\/\/stampcurio.com\/hu\/wp-json\/wp\/v2\/media?parent=15504"}],"wp:term":[{"taxonomy":"product_brand","embeddable":true,"href":"https:\/\/stampcurio.com\/hu\/wp-json\/wp\/v2\/product_brand?post=15504"},{"taxonomy":"product_cat","embeddable":true,"href":"https:\/\/stampcurio.com\/hu\/wp-json\/wp\/v2\/product_cat?post=15504"},{"taxonomy":"product_tag","embeddable":true,"href":"https:\/\/stampcurio.com\/hu\/wp-json\/wp\/v2\/product_tag?post=15504"}],"curies":[{"name":"wp","href":"https:\/\/api.w.org\/{rel}","templated":true}]}}