{"id":15503,"date":"2024-11-29T18:31:36","date_gmt":"2024-11-29T17:31:36","guid":{"rendered":"https:\/\/stampcurio.com\/product\/1895-14-kopejkas-dijjegyes-boritek-szentpetervarrol-belgradba-kuldve-beker-11-indul-20\/"},"modified":"2025-12-05T04:06:20","modified_gmt":"2025-12-05T03:06:20","slug":"1895-oroszorszag-14-kop-dijjegyes-boritek-szentpetervarrol-belgiumba-kuldve","status":"publish","type":"product","link":"https:\/\/stampcurio.com\/hu\/termek\/1895-oroszorszag-14-kop-dijjegyes-boritek-szentpetervarrol-belgiumba-kuldve\/","title":{"rendered":"1895 Oroszorsz\u00e1g &#8211; 14 kop d\u00edjjegyes bor\u00edt\u00e9k Szentp\u00e9terv\u00e1rr\u00f3l Belgiumba k\u00fcldve"},"content":{"rendered":"","protected":false},"excerpt":{"rendered":"","protected":false},"featured_media":19164,"template":"","meta":[],"product_brand":[],"product_cat":[1257,1177],"product_tag":[1664,74,89,1006],"class_list":{"0":"post-15503","1":"product","2":"type-product","3":"status-publish","4":"has-post-thumbnail","6":"product_cat-belgium","7":"product_cat-oroszorszag","8":"product_tag-2nd-auction-hu","9":"product_tag-dijjegyes","10":"product_tag-postatortenet","11":"product_tag-unsold","13":"first","14":"outofstock","15":"sold-individually","16":"shipping-taxable","17":"product-type-simple"},"_links":{"self":[{"href":"https:\/\/stampcurio.com\/hu\/wp-json\/wp\/v2\/product\/15503","targetHints":{"allow":["GET"]}}],"collection":[{"href":"https:\/\/stampcurio.com\/hu\/wp-json\/wp\/v2\/product"}],"about":[{"href":"https:\/\/stampcurio.com\/hu\/wp-json\/wp\/v2\/types\/product"}],"wp:featuredmedia":[{"embeddable":true,"href":"https:\/\/stampcurio.com\/hu\/wp-json\/wp\/v2\/media\/19164"}],"wp:attachment":[{"href":"https:\/\/stampcurio.com\/hu\/wp-json\/wp\/v2\/media?parent=15503"}],"wp:term":[{"taxonomy":"product_brand","embeddable":true,"href":"https:\/\/stampcurio.com\/hu\/wp-json\/wp\/v2\/product_brand?post=15503"},{"taxonomy":"product_cat","embeddable":true,"href":"https:\/\/stampcurio.com\/hu\/wp-json\/wp\/v2\/product_cat?post=15503"},{"taxonomy":"product_tag","embeddable":true,"href":"https:\/\/stampcurio.com\/hu\/wp-json\/wp\/v2\/product_tag?post=15503"}],"curies":[{"name":"wp","href":"https:\/\/api.w.org\/{rel}","templated":true}]}}