{"id":15502,"date":"2024-11-29T18:31:36","date_gmt":"2024-11-29T17:31:36","guid":{"rendered":"https:\/\/stampcurio.com\/product\/1913-ausztria-33-beker-kamerunba-kuldott-szallitolevel-5-kg-colis-rendkivul-viseltes-allapotban-ami-nem-meglepo-hisz-megjarta-kamerunt-indul-50\/"},"modified":"2025-12-05T04:06:20","modified_gmt":"2025-12-05T03:06:20","slug":"1913-ausztria-kamerunba-kuldott-colis-postal-csomag-szallitolevele-viseltes-allapotban-ami-nem-meglepo-hisz-tobb-ezer-kilometert-utazott","status":"publish","type":"product","link":"https:\/\/stampcurio.com\/hu\/termek\/1913-ausztria-kamerunba-kuldott-colis-postal-csomag-szallitolevele-viseltes-allapotban-ami-nem-meglepo-hisz-tobb-ezer-kilometert-utazott\/","title":{"rendered":"1913 Ausztria \u2013 Kamerunba k\u00fcld\u00f6tt colis postal csomag sz\u00e1ll\u00edt\u00f3levele viseltes \u00e1llapotban, ami nem meglep\u0151, hisz t\u00f6bb ezer kilom\u00e9tert utazott"},"content":{"rendered":"","protected":false},"excerpt":{"rendered":"","protected":false},"featured_media":18432,"template":"","meta":[],"product_brand":[],"product_cat":[1178,1194,1175],"product_tag":[1664,89,157,1006],"class_list":{"0":"post-15502","1":"product","2":"type-product","3":"status-publish","4":"has-post-thumbnail","6":"product_cat-ausztria","7":"product_cat-kamerun","8":"product_cat-nemetorszag","9":"product_tag-2nd-auction-hu","10":"product_tag-postatortenet","11":"product_tag-szallitolevel","12":"product_tag-unsold","14":"first","15":"outofstock","16":"sold-individually","17":"shipping-taxable","18":"product-type-simple"},"_links":{"self":[{"href":"https:\/\/stampcurio.com\/hu\/wp-json\/wp\/v2\/product\/15502","targetHints":{"allow":["GET"]}}],"collection":[{"href":"https:\/\/stampcurio.com\/hu\/wp-json\/wp\/v2\/product"}],"about":[{"href":"https:\/\/stampcurio.com\/hu\/wp-json\/wp\/v2\/types\/product"}],"wp:featuredmedia":[{"embeddable":true,"href":"https:\/\/stampcurio.com\/hu\/wp-json\/wp\/v2\/media\/18432"}],"wp:attachment":[{"href":"https:\/\/stampcurio.com\/hu\/wp-json\/wp\/v2\/media?parent=15502"}],"wp:term":[{"taxonomy":"product_brand","embeddable":true,"href":"https:\/\/stampcurio.com\/hu\/wp-json\/wp\/v2\/product_brand?post=15502"},{"taxonomy":"product_cat","embeddable":true,"href":"https:\/\/stampcurio.com\/hu\/wp-json\/wp\/v2\/product_cat?post=15502"},{"taxonomy":"product_tag","embeddable":true,"href":"https:\/\/stampcurio.com\/hu\/wp-json\/wp\/v2\/product_tag?post=15502"}],"curies":[{"name":"wp","href":"https:\/\/api.w.org\/{rel}","templated":true}]}}