{"id":15501,"date":"2024-11-29T18:31:36","date_gmt":"2024-11-29T17:31:36","guid":{"rendered":"https:\/\/stampcurio.com\/product\/1909-izlandra-kuldott-kepeslap-rendkivul-rikta-dest-beker-13-indul-150\/"},"modified":"2025-12-05T04:06:19","modified_gmt":"2025-12-05T03:06:19","slug":"1909-magyarorszag-izlandra-kuldott-kepeslap-rendkivul-ritka-destinacio","status":"publish","type":"product","link":"https:\/\/stampcurio.com\/hu\/termek\/1909-magyarorszag-izlandra-kuldott-kepeslap-rendkivul-ritka-destinacio\/","title":{"rendered":"1909 Magyarorsz\u00e1g &#8211; Izlandra k\u00fcld\u00f6tt k\u00e9peslap, rendk\u00edv\u00fcl ritka destin\u00e1ci\u00f3!"},"content":{"rendered":"","protected":false},"excerpt":{"rendered":"","protected":false},"featured_media":18400,"template":"","meta":[],"product_brand":[],"product_cat":[1270,1172],"product_tag":[1664,97,89,1006],"class_list":{"0":"post-15501","1":"product","2":"type-product","3":"status-publish","4":"has-post-thumbnail","6":"product_cat-izland","7":"product_cat-magyarorszag","8":"product_tag-2nd-auction-hu","9":"product_tag-kepeslap","10":"product_tag-postatortenet","11":"product_tag-unsold","13":"first","14":"outofstock","15":"sold-individually","16":"shipping-taxable","17":"product-type-simple"},"_links":{"self":[{"href":"https:\/\/stampcurio.com\/hu\/wp-json\/wp\/v2\/product\/15501","targetHints":{"allow":["GET"]}}],"collection":[{"href":"https:\/\/stampcurio.com\/hu\/wp-json\/wp\/v2\/product"}],"about":[{"href":"https:\/\/stampcurio.com\/hu\/wp-json\/wp\/v2\/types\/product"}],"wp:featuredmedia":[{"embeddable":true,"href":"https:\/\/stampcurio.com\/hu\/wp-json\/wp\/v2\/media\/18400"}],"wp:attachment":[{"href":"https:\/\/stampcurio.com\/hu\/wp-json\/wp\/v2\/media?parent=15501"}],"wp:term":[{"taxonomy":"product_brand","embeddable":true,"href":"https:\/\/stampcurio.com\/hu\/wp-json\/wp\/v2\/product_brand?post=15501"},{"taxonomy":"product_cat","embeddable":true,"href":"https:\/\/stampcurio.com\/hu\/wp-json\/wp\/v2\/product_cat?post=15501"},{"taxonomy":"product_tag","embeddable":true,"href":"https:\/\/stampcurio.com\/hu\/wp-json\/wp\/v2\/product_tag?post=15501"}],"curies":[{"name":"wp","href":"https:\/\/api.w.org\/{rel}","templated":true}]}}