{"id":15500,"date":"2024-11-29T18:31:36","date_gmt":"2024-11-29T17:31:36","guid":{"rendered":"https:\/\/stampcurio.com\/product\/1914-3-sulyu-nyomtatvany-fiume-nemetorszagba-kuldve-fiume-cat-fuggoleges-hajtsanyom-hazadnak-hasznalj-boritekban-adriai-tengeri-hajozasi-vallalat-indul-10-eur\/"},"modified":"2025-12-05T04:06:19","modified_gmt":"2025-12-05T03:06:19","slug":"1914-magyarorszag-3-sulyu-nyomtatvany-nemetorszagba-kuldve-hazadnak-hasznalj-boritekban-adriai-tengeri-hajozasi-vallalat","status":"publish","type":"product","link":"https:\/\/stampcurio.com\/hu\/termek\/1914-magyarorszag-3-sulyu-nyomtatvany-nemetorszagba-kuldve-hazadnak-hasznalj-boritekban-adriai-tengeri-hajozasi-vallalat\/","title":{"rendered":"1914 Magyarorsz\u00e1g &#8211; 3. s\u00faly\u00fa nyomtatv\u00e1ny N\u00e9metorsz\u00e1gba k\u00fcldve &#8220;Haz\u00e1dnak haszn\u00e1lj&#8221; bor\u00edt\u00e9kban &#8211; Adriai Tengeri Haj\u00f3z\u00e1si V\u00e1llalat"},"content":{"rendered":"","protected":false},"excerpt":{"rendered":"","protected":false},"featured_media":23820,"template":"","meta":[],"product_brand":[],"product_cat":[1275,1192,1172,1175],"product_tag":[1664,1316,89],"class_list":{"0":"post-15500","1":"product","2":"type-product","3":"status-publish","4":"has-post-thumbnail","6":"product_cat-fiume","7":"product_cat-horvatorszag","8":"product_cat-magyarorszag","9":"product_cat-nemetorszag","10":"product_tag-2nd-auction-hu","11":"product_tag-hajoposta","12":"product_tag-postatortenet","14":"first","15":"outofstock","16":"sold-individually","17":"shipping-taxable","18":"product-type-simple"},"_links":{"self":[{"href":"https:\/\/stampcurio.com\/hu\/wp-json\/wp\/v2\/product\/15500","targetHints":{"allow":["GET"]}}],"collection":[{"href":"https:\/\/stampcurio.com\/hu\/wp-json\/wp\/v2\/product"}],"about":[{"href":"https:\/\/stampcurio.com\/hu\/wp-json\/wp\/v2\/types\/product"}],"wp:featuredmedia":[{"embeddable":true,"href":"https:\/\/stampcurio.com\/hu\/wp-json\/wp\/v2\/media\/23820"}],"wp:attachment":[{"href":"https:\/\/stampcurio.com\/hu\/wp-json\/wp\/v2\/media?parent=15500"}],"wp:term":[{"taxonomy":"product_brand","embeddable":true,"href":"https:\/\/stampcurio.com\/hu\/wp-json\/wp\/v2\/product_brand?post=15500"},{"taxonomy":"product_cat","embeddable":true,"href":"https:\/\/stampcurio.com\/hu\/wp-json\/wp\/v2\/product_cat?post=15500"},{"taxonomy":"product_tag","embeddable":true,"href":"https:\/\/stampcurio.com\/hu\/wp-json\/wp\/v2\/product_tag?post=15500"}],"curies":[{"name":"wp","href":"https:\/\/api.w.org\/{rel}","templated":true}]}}