{"id":15499,"date":"2024-11-29T18:31:35","date_gmt":"2024-11-29T17:31:35","guid":{"rendered":"https:\/\/stampcurio.com\/product\/kalocsa-torino-1909-lap-beker-8-kulfoldre-kuldott-ajanlott-levlapok-ritkak-indul-50\/"},"modified":"2025-12-05T04:06:21","modified_gmt":"2025-12-05T03:06:21","slug":"1909-magyarorszag-kalocsarol-olaszorszagba-kuldott-ajanlott-dijjegyes-levelezesi-lap-ritka-postai-kuldemenytipus","status":"publish","type":"product","link":"https:\/\/stampcurio.com\/hu\/termek\/1909-magyarorszag-kalocsarol-olaszorszagba-kuldott-ajanlott-dijjegyes-levelezesi-lap-ritka-postai-kuldemenytipus\/","title":{"rendered":"1909 Magyarorsz\u00e1g \u2013 Kalocs\u00e1r\u00f3l Olaszorsz\u00e1gba k\u00fcld\u00f6tt aj\u00e1nlott d\u00edjjegyes levelez\u00e9si lap. Ritka postai k\u00fcldem\u00e9nyt\u00edpus."},"content":{"rendered":"","protected":false},"excerpt":{"rendered":"","protected":false},"featured_media":18548,"template":"","meta":[],"product_brand":[],"product_cat":[1172,1183],"product_tag":[1664,116,74,89,1006],"class_list":{"0":"post-15499","1":"product","2":"type-product","3":"status-publish","4":"has-post-thumbnail","6":"product_cat-magyarorszag","7":"product_cat-olaszorszag","8":"product_tag-2nd-auction-hu","9":"product_tag-belyeg","10":"product_tag-dijjegyes","11":"product_tag-postatortenet","12":"product_tag-unsold","14":"first","15":"instock","16":"sold-individually","17":"shipping-taxable","18":"product-type-simple"},"_links":{"self":[{"href":"https:\/\/stampcurio.com\/hu\/wp-json\/wp\/v2\/product\/15499","targetHints":{"allow":["GET"]}}],"collection":[{"href":"https:\/\/stampcurio.com\/hu\/wp-json\/wp\/v2\/product"}],"about":[{"href":"https:\/\/stampcurio.com\/hu\/wp-json\/wp\/v2\/types\/product"}],"wp:featuredmedia":[{"embeddable":true,"href":"https:\/\/stampcurio.com\/hu\/wp-json\/wp\/v2\/media\/18548"}],"wp:attachment":[{"href":"https:\/\/stampcurio.com\/hu\/wp-json\/wp\/v2\/media?parent=15499"}],"wp:term":[{"taxonomy":"product_brand","embeddable":true,"href":"https:\/\/stampcurio.com\/hu\/wp-json\/wp\/v2\/product_brand?post=15499"},{"taxonomy":"product_cat","embeddable":true,"href":"https:\/\/stampcurio.com\/hu\/wp-json\/wp\/v2\/product_cat?post=15499"},{"taxonomy":"product_tag","embeddable":true,"href":"https:\/\/stampcurio.com\/hu\/wp-json\/wp\/v2\/product_tag?post=15499"}],"curies":[{"name":"wp","href":"https:\/\/api.w.org\/{rel}","templated":true}]}}