{"id":15498,"date":"2024-11-29T18:31:35","date_gmt":"2024-11-29T17:31:35","guid":{"rendered":"https:\/\/stampcurio.com\/product\/1900-5-helleres-dijjegyes-ausztria-postakalauz-zagrab-steinbruck-kozott-belyegzessel-rajta-van-nemetul-is-xxx-ausztria-horvat-magyar-erintettseg-indul-15-eur\/"},"modified":"2025-12-05T04:06:21","modified_gmt":"2025-12-05T03:06:21","slug":"1900-ausztria-dijjegyes-levelezolap-postakalauz-zagrab-steinbruck-kozott-belyegzessel","status":"publish","type":"product","link":"https:\/\/stampcurio.com\/hu\/termek\/1900-ausztria-dijjegyes-levelezolap-postakalauz-zagrab-steinbruck-kozott-belyegzessel\/","title":{"rendered":"1900 Ausztria &#8211; d\u00edjjegyes levelez\u0151lap postakalauz Z\u00e1gr\u00e1b Steinbr\u00fcck k\u00f6z\u00f6tt b\u00e9lyegz\u00e9ssel"},"content":{"rendered":"","protected":false},"excerpt":{"rendered":"","protected":false},"featured_media":18502,"template":"","meta":[],"product_brand":[],"product_cat":[1178,1192,1172],"product_tag":[1664,74,1041,1267,89,1006],"class_list":{"0":"post-15498","1":"product","2":"type-product","3":"status-publish","4":"has-post-thumbnail","6":"product_cat-ausztria","7":"product_cat-horvatorszag","8":"product_cat-magyarorszag","9":"product_tag-2nd-auction-hu","10":"product_tag-dijjegyes","11":"product_tag-marcophily-hu","12":"product_tag-mozgoposta","13":"product_tag-postatortenet","14":"product_tag-unsold","16":"first","17":"instock","18":"sold-individually","19":"shipping-taxable","20":"product-type-simple"},"_links":{"self":[{"href":"https:\/\/stampcurio.com\/hu\/wp-json\/wp\/v2\/product\/15498","targetHints":{"allow":["GET"]}}],"collection":[{"href":"https:\/\/stampcurio.com\/hu\/wp-json\/wp\/v2\/product"}],"about":[{"href":"https:\/\/stampcurio.com\/hu\/wp-json\/wp\/v2\/types\/product"}],"wp:featuredmedia":[{"embeddable":true,"href":"https:\/\/stampcurio.com\/hu\/wp-json\/wp\/v2\/media\/18502"}],"wp:attachment":[{"href":"https:\/\/stampcurio.com\/hu\/wp-json\/wp\/v2\/media?parent=15498"}],"wp:term":[{"taxonomy":"product_brand","embeddable":true,"href":"https:\/\/stampcurio.com\/hu\/wp-json\/wp\/v2\/product_brand?post=15498"},{"taxonomy":"product_cat","embeddable":true,"href":"https:\/\/stampcurio.com\/hu\/wp-json\/wp\/v2\/product_cat?post=15498"},{"taxonomy":"product_tag","embeddable":true,"href":"https:\/\/stampcurio.com\/hu\/wp-json\/wp\/v2\/product_tag?post=15498"}],"curies":[{"name":"wp","href":"https:\/\/api.w.org\/{rel}","templated":true}]}}