{"id":15497,"date":"2024-11-29T18:31:35","date_gmt":"2024-11-29T17:31:35","guid":{"rendered":"https:\/\/stampcurio.com\/product\/1950-ek-boritek-erdemrend-x-belyeggel-order-of-akarmi-beker-103-elad-150\/"},"modified":"2025-12-05T04:06:21","modified_gmt":"2025-12-05T03:06:21","slug":"1950-eszak-korea-boritek-order-of-the-national-flag-belyeggel","status":"publish","type":"product","link":"https:\/\/stampcurio.com\/hu\/termek\/1950-eszak-korea-boritek-order-of-the-national-flag-belyeggel\/","title":{"rendered":"1950 \u00c9szak-Korea &#8211; bor\u00edt\u00e9k &#8220;Order of the National Flag&#8221; b\u00e9lyeggel"},"content":{"rendered":"","protected":false},"excerpt":{"rendered":"","protected":false},"featured_media":18438,"template":"","meta":[],"product_brand":[],"product_cat":[1225],"product_tag":[1664,116,89],"class_list":{"0":"post-15497","1":"product","2":"type-product","3":"status-publish","4":"has-post-thumbnail","6":"product_cat-eszak-korea","7":"product_tag-2nd-auction-hu","8":"product_tag-belyeg","9":"product_tag-postatortenet","11":"first","12":"instock","13":"sold-individually","14":"shipping-taxable","15":"product-type-simple"},"_links":{"self":[{"href":"https:\/\/stampcurio.com\/hu\/wp-json\/wp\/v2\/product\/15497","targetHints":{"allow":["GET"]}}],"collection":[{"href":"https:\/\/stampcurio.com\/hu\/wp-json\/wp\/v2\/product"}],"about":[{"href":"https:\/\/stampcurio.com\/hu\/wp-json\/wp\/v2\/types\/product"}],"wp:featuredmedia":[{"embeddable":true,"href":"https:\/\/stampcurio.com\/hu\/wp-json\/wp\/v2\/media\/18438"}],"wp:attachment":[{"href":"https:\/\/stampcurio.com\/hu\/wp-json\/wp\/v2\/media?parent=15497"}],"wp:term":[{"taxonomy":"product_brand","embeddable":true,"href":"https:\/\/stampcurio.com\/hu\/wp-json\/wp\/v2\/product_brand?post=15497"},{"taxonomy":"product_cat","embeddable":true,"href":"https:\/\/stampcurio.com\/hu\/wp-json\/wp\/v2\/product_cat?post=15497"},{"taxonomy":"product_tag","embeddable":true,"href":"https:\/\/stampcurio.com\/hu\/wp-json\/wp\/v2\/product_tag?post=15497"}],"curies":[{"name":"wp","href":"https:\/\/api.w.org\/{rel}","templated":true}]}}