{"id":15496,"date":"2024-11-29T18:31:34","date_gmt":"2024-11-29T17:31:34","guid":{"rendered":"https:\/\/stampcurio.com\/product\/1864-ausztria-5-kr-geshicftes-papir-becs-hermannstadt-attest-puchmann-szamla-belul-okmanybelyeggel-5-kr-60-beker-indul-100-a-belyeg-1000-eur-levelen-3000-ferch\/"},"modified":"2025-12-05T04:06:23","modified_gmt":"2025-12-05T03:06:23","slug":"1864-ausztria-becsbol-hermannstadtba-kuldott-szamla-gestreiftes-papirra-nyomott-5-kr-belyeg-ferchenbauer-1000-eur-belyeg-3000-eur-level-attest-puchma","status":"publish","type":"product","link":"https:\/\/stampcurio.com\/hu\/termek\/1864-ausztria-becsbol-hermannstadtba-kuldott-szamla-gestreiftes-papirra-nyomott-5-kr-belyeg-ferchenbauer-1000-eur-belyeg-3000-eur-level-attest-puchma\/","title":{"rendered":"1864 Ausztria \u2013 B\u00e9csb\u0151l Hermannstadtba k\u00fcld\u00f6tt sz\u00e1mla \u201egestreiftes\u201d pap\u00edrra nyomott 5 kr b\u00e9lyeg  \u2013  | Ferchenbauer: 1000 EUR (b\u00e9lyeg), 3000 EUR (lev\u00e9l) | Attest: Puchmann"},"content":{"rendered":"","protected":false},"excerpt":{"rendered":"","protected":false},"featured_media":18536,"template":"","meta":[],"product_brand":[],"product_cat":[1178],"product_tag":[1664,116,282,89,1631,217],"class_list":{"0":"post-15496","1":"product","2":"type-product","3":"status-publish","4":"has-post-thumbnail","6":"product_cat-ausztria","7":"product_tag-2nd-auction-hu","8":"product_tag-belyeg","9":"product_tag-okmanybelyeg","10":"product_tag-postatortenet","11":"product_tag-pre-upu","12":"product_tag-tevnyomat","14":"first","15":"instock","16":"sold-individually","17":"shipping-taxable","18":"product-type-simple"},"_links":{"self":[{"href":"https:\/\/stampcurio.com\/hu\/wp-json\/wp\/v2\/product\/15496","targetHints":{"allow":["GET"]}}],"collection":[{"href":"https:\/\/stampcurio.com\/hu\/wp-json\/wp\/v2\/product"}],"about":[{"href":"https:\/\/stampcurio.com\/hu\/wp-json\/wp\/v2\/types\/product"}],"wp:featuredmedia":[{"embeddable":true,"href":"https:\/\/stampcurio.com\/hu\/wp-json\/wp\/v2\/media\/18536"}],"wp:attachment":[{"href":"https:\/\/stampcurio.com\/hu\/wp-json\/wp\/v2\/media?parent=15496"}],"wp:term":[{"taxonomy":"product_brand","embeddable":true,"href":"https:\/\/stampcurio.com\/hu\/wp-json\/wp\/v2\/product_brand?post=15496"},{"taxonomy":"product_cat","embeddable":true,"href":"https:\/\/stampcurio.com\/hu\/wp-json\/wp\/v2\/product_cat?post=15496"},{"taxonomy":"product_tag","embeddable":true,"href":"https:\/\/stampcurio.com\/hu\/wp-json\/wp\/v2\/product_tag?post=15496"}],"curies":[{"name":"wp","href":"https:\/\/api.w.org\/{rel}","templated":true}]}}