{"id":15495,"date":"2024-11-29T18:31:34","date_gmt":"2024-11-29T17:31:34","guid":{"rendered":"https:\/\/stampcurio.com\/product\/1900-levelezolap-a-nagy-merete-miatt-levelkent-kezelve-ajanlott-levelezolap-a-nagymerete-miatt-leveltarifaval-kuldve-dekorativ-negyszinu-bermentesitessel-beker-15-indul-30\/"},"modified":"2025-12-05T04:06:22","modified_gmt":"2025-12-05T03:06:22","slug":"1900-magyarorszag-ajanlott-levelezolap-a-nagy-merete-miatt-levelkent-kezelve-dekorativ-negyszinu-bermentesitessel","status":"publish","type":"product","link":"https:\/\/stampcurio.com\/hu\/termek\/1900-magyarorszag-ajanlott-levelezolap-a-nagy-merete-miatt-levelkent-kezelve-dekorativ-negyszinu-bermentesitessel\/","title":{"rendered":"1900 Magyarorsz\u00e1g &#8211;  aj\u00e1nlott levelez\u0151lap, a nagy m\u00e9rete miatt lev\u00e9lk\u00e9nt kezelve, dekorat\u00edv n\u00e9gysz\u00edn\u0171 b\u00e9rmentes\u00edt\u00e9ssel"},"content":{"rendered":"","protected":false},"excerpt":{"rendered":"","protected":false},"featured_media":18582,"template":"","meta":[],"product_brand":[],"product_cat":[1172,1208,1245],"product_tag":[1664,116,89],"class_list":{"0":"post-15495","1":"product","2":"type-product","3":"status-publish","4":"has-post-thumbnail","6":"product_cat-magyarorszag","7":"product_cat-romania","8":"product_cat-szerbia","9":"product_tag-2nd-auction-hu","10":"product_tag-belyeg","11":"product_tag-postatortenet","13":"first","14":"instock","15":"sold-individually","16":"shipping-taxable","17":"product-type-simple"},"_links":{"self":[{"href":"https:\/\/stampcurio.com\/hu\/wp-json\/wp\/v2\/product\/15495","targetHints":{"allow":["GET"]}}],"collection":[{"href":"https:\/\/stampcurio.com\/hu\/wp-json\/wp\/v2\/product"}],"about":[{"href":"https:\/\/stampcurio.com\/hu\/wp-json\/wp\/v2\/types\/product"}],"wp:featuredmedia":[{"embeddable":true,"href":"https:\/\/stampcurio.com\/hu\/wp-json\/wp\/v2\/media\/18582"}],"wp:attachment":[{"href":"https:\/\/stampcurio.com\/hu\/wp-json\/wp\/v2\/media?parent=15495"}],"wp:term":[{"taxonomy":"product_brand","embeddable":true,"href":"https:\/\/stampcurio.com\/hu\/wp-json\/wp\/v2\/product_brand?post=15495"},{"taxonomy":"product_cat","embeddable":true,"href":"https:\/\/stampcurio.com\/hu\/wp-json\/wp\/v2\/product_cat?post=15495"},{"taxonomy":"product_tag","embeddable":true,"href":"https:\/\/stampcurio.com\/hu\/wp-json\/wp\/v2\/product_tag?post=15495"}],"curies":[{"name":"wp","href":"https:\/\/api.w.org\/{rel}","templated":true}]}}