{"id":15494,"date":"2024-11-29T18:31:34","date_gmt":"2024-11-29T17:31:34","guid":{"rendered":"https:\/\/stampcurio.com\/product\/xxx-alsomislye-salyank-hatoldalan-regina-sari-szerencsebelyeggel-levelzaron-beker-3-indul-50\/"},"modified":"2025-12-05T04:06:22","modified_gmt":"2025-12-05T03:06:22","slug":"1912-magyarorszag-alsomislyerol-salankra-kuldott-festett-dekorativ-boritek-hatoldalan-regina-es-sari-szerencsebelyeggel-levelzarokent","status":"publish","type":"product","link":"https:\/\/stampcurio.com\/hu\/termek\/1912-magyarorszag-alsomislyerol-salankra-kuldott-festett-dekorativ-boritek-hatoldalan-regina-es-sari-szerencsebelyeggel-levelzarokent\/","title":{"rendered":"1912 Magyarorsz\u00e1g &#8211; Als\u00f3misly\u00e9r\u0151l Sal\u00e1nkra k\u00fcld\u00f6tt festett dekorat\u00edv bor\u00edt\u00e9k, h\u00e1toldal\u00e1n Regina \u00e9s S\u00e1ri szerencseb\u00e9lyeggel lev\u00e9lz\u00e1r\u00f3k\u00e9nt"},"content":{"rendered":"","protected":false},"excerpt":{"rendered":"","protected":false},"featured_media":18642,"template":"","meta":[],"product_brand":[],"product_cat":[1172,1189,1226],"product_tag":[1664,194,288,176,89],"class_list":{"0":"post-15494","1":"product","2":"type-product","3":"status-publish","4":"has-post-thumbnail","6":"product_cat-magyarorszag","7":"product_cat-szlovakia","8":"product_cat-ukrajna","9":"product_tag-2nd-auction-hu","10":"product_tag-levelzaro","11":"product_tag-parafilatelia","12":"product_tag-philagem","13":"product_tag-postatortenet","15":"first","16":"instock","17":"sold-individually","18":"shipping-taxable","19":"product-type-simple"},"_links":{"self":[{"href":"https:\/\/stampcurio.com\/hu\/wp-json\/wp\/v2\/product\/15494","targetHints":{"allow":["GET"]}}],"collection":[{"href":"https:\/\/stampcurio.com\/hu\/wp-json\/wp\/v2\/product"}],"about":[{"href":"https:\/\/stampcurio.com\/hu\/wp-json\/wp\/v2\/types\/product"}],"wp:featuredmedia":[{"embeddable":true,"href":"https:\/\/stampcurio.com\/hu\/wp-json\/wp\/v2\/media\/18642"}],"wp:attachment":[{"href":"https:\/\/stampcurio.com\/hu\/wp-json\/wp\/v2\/media?parent=15494"}],"wp:term":[{"taxonomy":"product_brand","embeddable":true,"href":"https:\/\/stampcurio.com\/hu\/wp-json\/wp\/v2\/product_brand?post=15494"},{"taxonomy":"product_cat","embeddable":true,"href":"https:\/\/stampcurio.com\/hu\/wp-json\/wp\/v2\/product_cat?post=15494"},{"taxonomy":"product_tag","embeddable":true,"href":"https:\/\/stampcurio.com\/hu\/wp-json\/wp\/v2\/product_tag?post=15494"}],"curies":[{"name":"wp","href":"https:\/\/api.w.org\/{rel}","templated":true}]}}