{"id":15493,"date":"2024-11-29T18:31:33","date_gmt":"2024-11-29T17:31:33","guid":{"rendered":"https:\/\/stampcurio.com\/product\/beker-24-1892-argentinabol-wrapper-argentina-szaszvaros-rendkivul-megviselt-allapotban-rendkivul-ritka-1kr-hirlapjegy-par-tisztit-ragaszt-xxxx-eur-20\/"},"modified":"2025-12-05T04:06:24","modified_gmt":"2025-12-05T03:06:24","slug":"1892-argentina-szaszvarosba-cimzett-cimszalag-1-kr-hirlapjegy-parral-rendkivuli-darab-rendkivul-megviselt-allapotban","status":"publish","type":"product","link":"https:\/\/stampcurio.com\/hu\/termek\/1892-argentina-szaszvarosba-cimzett-cimszalag-1-kr-hirlapjegy-parral-rendkivuli-darab-rendkivul-megviselt-allapotban\/","title":{"rendered":"1892 Argent\u00edna &#8211; Sz\u00e1szv\u00e1rosba c\u00edmzett c\u00edmszalag 1 kr h\u00edrlapjegy p\u00e1rral, rendk\u00edv\u00fcli darab &#8211; rendk\u00edv\u00fcl megviselt \u00e1llapotban"},"content":{"rendered":"","protected":false},"excerpt":{"rendered":"","protected":false},"featured_media":23816,"template":"","meta":[],"product_brand":[],"product_cat":[1229,1172,1208],"product_tag":[1664,116,1296,282,89],"class_list":{"0":"post-15493","1":"product","2":"type-product","3":"status-publish","4":"has-post-thumbnail","6":"product_cat-argentina","7":"product_cat-magyarorszag","8":"product_cat-romania","9":"product_tag-2nd-auction-hu","10":"product_tag-belyeg","11":"product_tag-hirlapbelyeg","12":"product_tag-okmanybelyeg","13":"product_tag-postatortenet","15":"first","16":"instock","17":"sold-individually","18":"shipping-taxable","19":"product-type-simple"},"_links":{"self":[{"href":"https:\/\/stampcurio.com\/hu\/wp-json\/wp\/v2\/product\/15493","targetHints":{"allow":["GET"]}}],"collection":[{"href":"https:\/\/stampcurio.com\/hu\/wp-json\/wp\/v2\/product"}],"about":[{"href":"https:\/\/stampcurio.com\/hu\/wp-json\/wp\/v2\/types\/product"}],"wp:featuredmedia":[{"embeddable":true,"href":"https:\/\/stampcurio.com\/hu\/wp-json\/wp\/v2\/media\/23816"}],"wp:attachment":[{"href":"https:\/\/stampcurio.com\/hu\/wp-json\/wp\/v2\/media?parent=15493"}],"wp:term":[{"taxonomy":"product_brand","embeddable":true,"href":"https:\/\/stampcurio.com\/hu\/wp-json\/wp\/v2\/product_brand?post=15493"},{"taxonomy":"product_cat","embeddable":true,"href":"https:\/\/stampcurio.com\/hu\/wp-json\/wp\/v2\/product_cat?post=15493"},{"taxonomy":"product_tag","embeddable":true,"href":"https:\/\/stampcurio.com\/hu\/wp-json\/wp\/v2\/product_tag?post=15493"}],"curies":[{"name":"wp","href":"https:\/\/api.w.org\/{rel}","templated":true}]}}