{"id":15492,"date":"2024-11-29T18:31:33","date_gmt":"2024-11-29T17:31:33","guid":{"rendered":"https:\/\/stampcurio.com\/product\/xxx-konzul-ertekbelyegek-40f-6-10-pengo-beker-6-indul-10\/"},"modified":"2025-12-05T04:06:23","modified_gmt":"2025-12-05T03:06:23","slug":"1932-magyarorszag-konzuli-illetekbelyegek-40-filler-6-es-10-pengo","status":"publish","type":"product","link":"https:\/\/stampcurio.com\/hu\/termek\/1932-magyarorszag-konzuli-illetekbelyegek-40-filler-6-es-10-pengo\/","title":{"rendered":"1932 Magyarorsz\u00e1g &#8211; Konzuli illet\u00e9kb\u00e9lyegek &#8211; 40 fill\u00e9r + 6  \u00e9s 10 peng\u0151"},"content":{"rendered":"","protected":false},"excerpt":{"rendered":"","protected":false},"featured_media":19088,"template":"","meta":[],"product_brand":[],"product_cat":[1172],"product_tag":[1664,116,1301],"class_list":{"0":"post-15492","1":"product","2":"type-product","3":"status-publish","4":"has-post-thumbnail","6":"product_cat-magyarorszag","7":"product_tag-2nd-auction-hu","8":"product_tag-belyeg","9":"product_tag-illetekbelyeg","11":"first","12":"instock","13":"sold-individually","14":"shipping-taxable","15":"product-type-simple"},"_links":{"self":[{"href":"https:\/\/stampcurio.com\/hu\/wp-json\/wp\/v2\/product\/15492","targetHints":{"allow":["GET"]}}],"collection":[{"href":"https:\/\/stampcurio.com\/hu\/wp-json\/wp\/v2\/product"}],"about":[{"href":"https:\/\/stampcurio.com\/hu\/wp-json\/wp\/v2\/types\/product"}],"wp:featuredmedia":[{"embeddable":true,"href":"https:\/\/stampcurio.com\/hu\/wp-json\/wp\/v2\/media\/19088"}],"wp:attachment":[{"href":"https:\/\/stampcurio.com\/hu\/wp-json\/wp\/v2\/media?parent=15492"}],"wp:term":[{"taxonomy":"product_brand","embeddable":true,"href":"https:\/\/stampcurio.com\/hu\/wp-json\/wp\/v2\/product_brand?post=15492"},{"taxonomy":"product_cat","embeddable":true,"href":"https:\/\/stampcurio.com\/hu\/wp-json\/wp\/v2\/product_cat?post=15492"},{"taxonomy":"product_tag","embeddable":true,"href":"https:\/\/stampcurio.com\/hu\/wp-json\/wp\/v2\/product_tag?post=15492"}],"curies":[{"name":"wp","href":"https:\/\/api.w.org\/{rel}","templated":true}]}}