{"id":15491,"date":"2024-11-29T18:31:33","date_gmt":"2024-11-29T17:31:33","guid":{"rendered":"https:\/\/stampcurio.com\/product\/xxx-161-beker-eperjes-belyegzes-katonai-nyomtatvanyon-dekorativ-piros-belyegzessel-eperjesre-kuldve-peste-feldkrieg-commisariat-10-eur\/"},"modified":"2025-12-05T04:06:23","modified_gmt":"2025-12-05T03:06:23","slug":"1840-korul-magyarorszag-pestrol-eperjesre-kuldott-dekorativ-piros-peste-feldkriegcomissariar-belyegzesu-boritek","status":"publish","type":"product","link":"https:\/\/stampcurio.com\/hu\/termek\/1840-korul-magyarorszag-pestrol-eperjesre-kuldott-dekorativ-piros-peste-feldkriegcomissariar-belyegzesu-boritek\/","title":{"rendered":"1840 k\u00f6r\u00fcl Magyarorsz\u00e1g &#8211; Pestr\u0151l Eperjesre k\u00fcld\u00f6tt dekorat\u00edv piros &#8220;Peste feldkriegcomissariar&#8221; b\u00e9lyegz\u00e9s\u0171 bor\u00edt\u00e9k"},"content":{"rendered":"","protected":false},"excerpt":{"rendered":"","protected":false},"featured_media":18462,"template":"","meta":[],"product_brand":[],"product_cat":[1172,1189],"product_tag":[1664,1041,89,1631,208,1305],"class_list":{"0":"post-15491","1":"product","2":"type-product","3":"status-publish","4":"has-post-thumbnail","6":"product_cat-magyarorszag","7":"product_cat-szlovakia","8":"product_tag-2nd-auction-hu","9":"product_tag-marcophily-hu","10":"product_tag-postatortenet","11":"product_tag-pre-upu","12":"product_tag-tabori-posta","13":"product_tag-vorphila","15":"first","16":"instock","17":"sold-individually","18":"shipping-taxable","19":"product-type-simple"},"_links":{"self":[{"href":"https:\/\/stampcurio.com\/hu\/wp-json\/wp\/v2\/product\/15491","targetHints":{"allow":["GET"]}}],"collection":[{"href":"https:\/\/stampcurio.com\/hu\/wp-json\/wp\/v2\/product"}],"about":[{"href":"https:\/\/stampcurio.com\/hu\/wp-json\/wp\/v2\/types\/product"}],"wp:featuredmedia":[{"embeddable":true,"href":"https:\/\/stampcurio.com\/hu\/wp-json\/wp\/v2\/media\/18462"}],"wp:attachment":[{"href":"https:\/\/stampcurio.com\/hu\/wp-json\/wp\/v2\/media?parent=15491"}],"wp:term":[{"taxonomy":"product_brand","embeddable":true,"href":"https:\/\/stampcurio.com\/hu\/wp-json\/wp\/v2\/product_brand?post=15491"},{"taxonomy":"product_cat","embeddable":true,"href":"https:\/\/stampcurio.com\/hu\/wp-json\/wp\/v2\/product_cat?post=15491"},{"taxonomy":"product_tag","embeddable":true,"href":"https:\/\/stampcurio.com\/hu\/wp-json\/wp\/v2\/product_tag?post=15491"}],"curies":[{"name":"wp","href":"https:\/\/api.w.org\/{rel}","templated":true}]}}