{"id":15490,"date":"2024-11-29T18:31:32","date_gmt":"2024-11-29T17:31:32","guid":{"rendered":"https:\/\/stampcurio.com\/product\/xxx-szallitolevel-5-kg-csomagrol-horvat-magyar-szallitolevel-zrin-ketnyelvu-ragjegy-pu-belyegzes-pu-rr-a-szallitolevel-ragjegy-rendkivul-ritka-ketnyelvu-pu-ritkan-lathato-50-eur-beker-4\/"},"modified":"2025-12-05T04:06:24","modified_gmt":"2025-12-05T03:06:24","slug":"1918-magyarorszag-ketnyelvu-horvat-magyar-szallitolevel-zrin-ketnyelvu-csomag-ragjeggyel-es-postaugynokseg-belyegzessel-pu-katalogus-pu16-tipus-rr-ritkasag","status":"publish","type":"product","link":"https:\/\/stampcurio.com\/hu\/termek\/1918-magyarorszag-ketnyelvu-horvat-magyar-szallitolevel-zrin-ketnyelvu-csomag-ragjeggyel-es-postaugynokseg-belyegzessel-pu-katalogus-pu16-tipus-rr-ritkasag\/","title":{"rendered":"1918 Magyarorsz\u00e1g &#8211; k\u00e9tnyelv\u0171 (horv\u00e1t &#8211; magyar) sz\u00e1ll\u00edt\u00f3lev\u00e9l ZRIN k\u00e9tnyelv\u0171 csomag ragjeggyel \u00e9s posta\u00fcgyn\u00f6ks\u00e9g b\u00e9lyegz\u00e9ssel | PU katal\u00f3gus: PU16 tipus \/ RR ritkas\u00e1g"},"content":{"rendered":"","protected":false},"excerpt":{"rendered":"","protected":false},"featured_media":18422,"template":"","meta":[],"product_brand":[],"product_cat":[1192,1172],"product_tag":[1664,74,1041,89,157,1006],"class_list":{"0":"post-15490","1":"product","2":"type-product","3":"status-publish","4":"has-post-thumbnail","6":"product_cat-horvatorszag","7":"product_cat-magyarorszag","8":"product_tag-2nd-auction-hu","9":"product_tag-dijjegyes","10":"product_tag-marcophily-hu","11":"product_tag-postatortenet","12":"product_tag-szallitolevel","13":"product_tag-unsold","15":"first","16":"instock","17":"sold-individually","18":"shipping-taxable","19":"product-type-simple"},"_links":{"self":[{"href":"https:\/\/stampcurio.com\/hu\/wp-json\/wp\/v2\/product\/15490","targetHints":{"allow":["GET"]}}],"collection":[{"href":"https:\/\/stampcurio.com\/hu\/wp-json\/wp\/v2\/product"}],"about":[{"href":"https:\/\/stampcurio.com\/hu\/wp-json\/wp\/v2\/types\/product"}],"wp:featuredmedia":[{"embeddable":true,"href":"https:\/\/stampcurio.com\/hu\/wp-json\/wp\/v2\/media\/18422"}],"wp:attachment":[{"href":"https:\/\/stampcurio.com\/hu\/wp-json\/wp\/v2\/media?parent=15490"}],"wp:term":[{"taxonomy":"product_brand","embeddable":true,"href":"https:\/\/stampcurio.com\/hu\/wp-json\/wp\/v2\/product_brand?post=15490"},{"taxonomy":"product_cat","embeddable":true,"href":"https:\/\/stampcurio.com\/hu\/wp-json\/wp\/v2\/product_cat?post=15490"},{"taxonomy":"product_tag","embeddable":true,"href":"https:\/\/stampcurio.com\/hu\/wp-json\/wp\/v2\/product_tag?post=15490"}],"curies":[{"name":"wp","href":"https:\/\/api.w.org\/{rel}","templated":true}]}}