{"id":15488,"date":"2024-11-29T18:31:30","date_gmt":"2024-11-29T17:31:30","guid":{"rendered":"https:\/\/stampcurio.com\/product\/1916-2-korona-fogazogep-ugrasa-miatt-nagyobbra-kisebbre-fogazott-belyegek-negyestomb-postatiszta-sarokfog-hiany-bal-also-fogazat-hianya-a-fogazogep-ugrasa-miatt-ket-foglyuk-kimarad-igy-a-tepesn\/"},"modified":"2025-12-05T04:06:25","modified_gmt":"2025-12-05T03:06:25","slug":"1916-magyarorszag-2-korona-postatiszta-negyestomb-a-fogazogep-ugrasa-miatt-nagyobbra-kisebbre-fogazott-belyegek-a-bal-also-sarok-hianyanak-oka-hogy-a-fogazogep-ugrasa-miatt-ket-foglyuk-kimar","status":"publish","type":"product","link":"https:\/\/stampcurio.com\/hu\/termek\/1916-magyarorszag-2-korona-postatiszta-negyestomb-a-fogazogep-ugrasa-miatt-nagyobbra-kisebbre-fogazott-belyegek-a-bal-also-sarok-hianyanak-oka-hogy-a-fogazogep-ugrasa-miatt-ket-foglyuk-kimar\/","title":{"rendered":"1916 Magyarorsz\u00e1g &#8211; 2 korona postatiszta ** n\u00e9gyest\u00f6mb: a fogaz\u00f3g\u00e9p ugr\u00e1sa miatt nagyobbra \/ kisebbre fogazott b\u00e9lyegek &#8211; a bal als\u00f3 sarok hi\u00e1ny\u00e1nak oka hogy a fogaz\u00f3g\u00e9p ugr\u00e1sa miatt k\u00e9t foglyuk kimaradt, \u00edgy a t\u00e9p\u00e9sn\u00e9l a sarok beszakadt"},"content":{"rendered":"","protected":false},"excerpt":{"rendered":"","protected":false},"featured_media":18918,"template":"","meta":[],"product_brand":[],"product_cat":[1172],"product_tag":[1664,116,217],"class_list":{"0":"post-15488","1":"product","2":"type-product","3":"status-publish","4":"has-post-thumbnail","6":"product_cat-magyarorszag","7":"product_tag-2nd-auction-hu","8":"product_tag-belyeg","9":"product_tag-tevnyomat","11":"first","12":"instock","13":"sold-individually","14":"shipping-taxable","15":"product-type-simple"},"_links":{"self":[{"href":"https:\/\/stampcurio.com\/hu\/wp-json\/wp\/v2\/product\/15488","targetHints":{"allow":["GET"]}}],"collection":[{"href":"https:\/\/stampcurio.com\/hu\/wp-json\/wp\/v2\/product"}],"about":[{"href":"https:\/\/stampcurio.com\/hu\/wp-json\/wp\/v2\/types\/product"}],"wp:featuredmedia":[{"embeddable":true,"href":"https:\/\/stampcurio.com\/hu\/wp-json\/wp\/v2\/media\/18918"}],"wp:attachment":[{"href":"https:\/\/stampcurio.com\/hu\/wp-json\/wp\/v2\/media?parent=15488"}],"wp:term":[{"taxonomy":"product_brand","embeddable":true,"href":"https:\/\/stampcurio.com\/hu\/wp-json\/wp\/v2\/product_brand?post=15488"},{"taxonomy":"product_cat","embeddable":true,"href":"https:\/\/stampcurio.com\/hu\/wp-json\/wp\/v2\/product_cat?post=15488"},{"taxonomy":"product_tag","embeddable":true,"href":"https:\/\/stampcurio.com\/hu\/wp-json\/wp\/v2\/product_tag?post=15488"}],"curies":[{"name":"wp","href":"https:\/\/api.w.org\/{rel}","templated":true}]}}