{"id":15487,"date":"2024-11-29T18:31:30","date_gmt":"2024-11-29T17:31:30","guid":{"rendered":"https:\/\/stampcurio.com\/product\/1945-60f-8f-hianyzo-alapnyomattal-phu-40-eur\/"},"modified":"2025-12-05T04:06:24","modified_gmt":"2025-12-05T03:06:24","slug":"1945-magyarorszag-60f-8f-belyeg-hianyzo-alapnyomattal-hatoldalon-reszleges-szinatnyomattal-phu-40-eur","status":"publish","type":"product","link":"https:\/\/stampcurio.com\/hu\/termek\/1945-magyarorszag-60f-8f-belyeg-hianyzo-alapnyomattal-hatoldalon-reszleges-szinatnyomattal-phu-40-eur\/","title":{"rendered":"1945 Magyarorsz\u00e1g &#8211; 60f \/ 8f b\u00e9lyeg hi\u00e1nyz\u00f3 alapnyomattal &#8211; h\u00e1toldalon r\u00e9szleges sz\u00edn\u00e1tnyomattal | PHu: 40 EUR"},"content":{"rendered":"","protected":false},"excerpt":{"rendered":"","protected":false},"featured_media":19058,"template":"","meta":[],"product_brand":[],"product_cat":[1172],"product_tag":[279,1664,116,217],"class_list":{"0":"post-15487","1":"product","2":"type-product","3":"status-publish","4":"has-post-thumbnail","6":"product_cat-magyarorszag","7":"product_tag-1944-45","8":"product_tag-2nd-auction-hu","9":"product_tag-belyeg","10":"product_tag-tevnyomat","12":"first","13":"instock","14":"sold-individually","15":"shipping-taxable","16":"product-type-simple"},"_links":{"self":[{"href":"https:\/\/stampcurio.com\/hu\/wp-json\/wp\/v2\/product\/15487","targetHints":{"allow":["GET"]}}],"collection":[{"href":"https:\/\/stampcurio.com\/hu\/wp-json\/wp\/v2\/product"}],"about":[{"href":"https:\/\/stampcurio.com\/hu\/wp-json\/wp\/v2\/types\/product"}],"wp:featuredmedia":[{"embeddable":true,"href":"https:\/\/stampcurio.com\/hu\/wp-json\/wp\/v2\/media\/19058"}],"wp:attachment":[{"href":"https:\/\/stampcurio.com\/hu\/wp-json\/wp\/v2\/media?parent=15487"}],"wp:term":[{"taxonomy":"product_brand","embeddable":true,"href":"https:\/\/stampcurio.com\/hu\/wp-json\/wp\/v2\/product_brand?post=15487"},{"taxonomy":"product_cat","embeddable":true,"href":"https:\/\/stampcurio.com\/hu\/wp-json\/wp\/v2\/product_cat?post=15487"},{"taxonomy":"product_tag","embeddable":true,"href":"https:\/\/stampcurio.com\/hu\/wp-json\/wp\/v2\/product_tag?post=15487"}],"curies":[{"name":"wp","href":"https:\/\/api.w.org\/{rel}","templated":true}]}}