{"id":15486,"date":"2024-11-29T18:31:29","date_gmt":"2024-11-29T17:31:29","guid":{"rendered":"https:\/\/stampcurio.com\/product\/xxx-kinai-helyi-kiadasok-leirasban-felsorolni-amit-tudok\/"},"modified":"2025-12-05T04:06:26","modified_gmt":"2025-12-05T03:06:26","slug":"1893-1895-kina-helyi-kiadasu-belyegek-chinkiang-amoy-foochow-chefoo-kewkiang-wuhu","status":"publish","type":"product","link":"https:\/\/stampcurio.com\/hu\/termek\/1893-1895-kina-helyi-kiadasu-belyegek-chinkiang-amoy-foochow-chefoo-kewkiang-wuhu\/","title":{"rendered":"1893 &#8211; 1895 K\u00edna &#8211; helyi kiad\u00e1s\u00fa b\u00e9lyegek \/ Chinkiang, Amoy, Foochow, Chefoo, Kewkiang, Wuhu"},"content":{"rendered":"","protected":false},"excerpt":{"rendered":"","protected":false},"featured_media":18843,"template":"","meta":[],"product_brand":[],"product_cat":[1247],"product_tag":[1664,116],"class_list":{"0":"post-15486","1":"product","2":"type-product","3":"status-publish","4":"has-post-thumbnail","6":"product_cat-kina","7":"product_tag-2nd-auction-hu","8":"product_tag-belyeg","10":"first","11":"instock","12":"sold-individually","13":"shipping-taxable","14":"product-type-simple"},"_links":{"self":[{"href":"https:\/\/stampcurio.com\/hu\/wp-json\/wp\/v2\/product\/15486","targetHints":{"allow":["GET"]}}],"collection":[{"href":"https:\/\/stampcurio.com\/hu\/wp-json\/wp\/v2\/product"}],"about":[{"href":"https:\/\/stampcurio.com\/hu\/wp-json\/wp\/v2\/types\/product"}],"wp:featuredmedia":[{"embeddable":true,"href":"https:\/\/stampcurio.com\/hu\/wp-json\/wp\/v2\/media\/18843"}],"wp:attachment":[{"href":"https:\/\/stampcurio.com\/hu\/wp-json\/wp\/v2\/media?parent=15486"}],"wp:term":[{"taxonomy":"product_brand","embeddable":true,"href":"https:\/\/stampcurio.com\/hu\/wp-json\/wp\/v2\/product_brand?post=15486"},{"taxonomy":"product_cat","embeddable":true,"href":"https:\/\/stampcurio.com\/hu\/wp-json\/wp\/v2\/product_cat?post=15486"},{"taxonomy":"product_tag","embeddable":true,"href":"https:\/\/stampcurio.com\/hu\/wp-json\/wp\/v2\/product_tag?post=15486"}],"curies":[{"name":"wp","href":"https:\/\/api.w.org\/{rel}","templated":true}]}}