{"id":15483,"date":"2024-11-29T18:31:28","date_gmt":"2024-11-29T17:31:28","guid":{"rendered":"https:\/\/stampcurio.com\/product\/beszterce-erdelyben-1871-200-pont\/"},"modified":"2025-12-05T04:06:27","modified_gmt":"2025-12-05T03:06:27","slug":"1871-magyarorszag-reznyomatos-10kr-besztercze-erdelyben-lebelyegzessel-gudlin-200-pont","status":"publish","type":"product","link":"https:\/\/stampcurio.com\/hu\/termek\/1871-magyarorszag-reznyomatos-10kr-besztercze-erdelyben-lebelyegzessel-gudlin-200-pont\/","title":{"rendered":"1871 Magyarorsz\u00e1g &#8211; r\u00e9znyomatos 10kr BESZTERCZE \/ ERD\u00c9LYBEN leb\u00e9lyegz\u00e9ssel | Gudlin: 200 pont"},"content":{"rendered":"","protected":false},"excerpt":{"rendered":"","protected":false},"featured_media":24126,"template":"","meta":[],"product_brand":[],"product_cat":[1172,1208],"product_tag":[1664,116,1041],"class_list":{"0":"post-15483","1":"product","2":"type-product","3":"status-publish","4":"has-post-thumbnail","6":"product_cat-magyarorszag","7":"product_cat-romania","8":"product_tag-2nd-auction-hu","9":"product_tag-belyeg","10":"product_tag-marcophily-hu","12":"first","13":"instock","14":"sold-individually","15":"shipping-taxable","16":"product-type-simple"},"_links":{"self":[{"href":"https:\/\/stampcurio.com\/hu\/wp-json\/wp\/v2\/product\/15483","targetHints":{"allow":["GET"]}}],"collection":[{"href":"https:\/\/stampcurio.com\/hu\/wp-json\/wp\/v2\/product"}],"about":[{"href":"https:\/\/stampcurio.com\/hu\/wp-json\/wp\/v2\/types\/product"}],"wp:featuredmedia":[{"embeddable":true,"href":"https:\/\/stampcurio.com\/hu\/wp-json\/wp\/v2\/media\/24126"}],"wp:attachment":[{"href":"https:\/\/stampcurio.com\/hu\/wp-json\/wp\/v2\/media?parent=15483"}],"wp:term":[{"taxonomy":"product_brand","embeddable":true,"href":"https:\/\/stampcurio.com\/hu\/wp-json\/wp\/v2\/product_brand?post=15483"},{"taxonomy":"product_cat","embeddable":true,"href":"https:\/\/stampcurio.com\/hu\/wp-json\/wp\/v2\/product_cat?post=15483"},{"taxonomy":"product_tag","embeddable":true,"href":"https:\/\/stampcurio.com\/hu\/wp-json\/wp\/v2\/product_tag?post=15483"}],"curies":[{"name":"wp","href":"https:\/\/api.w.org\/{rel}","templated":true}]}}