{"id":15480,"date":"2024-11-29T18:31:27","date_gmt":"2024-11-29T17:31:27","guid":{"rendered":"https:\/\/stampcurio.com\/product\/1904-ajanlott-level-indokinabol-budapestre-6-belyeges-dijlerovas-vietnam-hanoi-francia-ritka-destinacio\/"},"modified":"2025-12-05T04:06:28","modified_gmt":"2025-12-05T03:06:28","slug":"1904-indokina-budapestre-kuldott-ajanlott-level-6-belyeges-dijlerovassal-ritka-destinacio","status":"publish","type":"product","link":"https:\/\/stampcurio.com\/hu\/termek\/1904-indokina-budapestre-kuldott-ajanlott-level-6-belyeges-dijlerovassal-ritka-destinacio\/","title":{"rendered":"1904 Indok\u00edna &#8211; Budapestre k\u00fcld\u00f6tt aj\u00e1nlott lev\u00e9l 6 b\u00e9lyeges d\u00edjlerov\u00e1ssal &#8211; ritka destin\u00e1ci\u00f3"},"content":{"rendered":"","protected":false},"excerpt":{"rendered":"","protected":false},"featured_media":18466,"template":"","meta":[],"product_brand":[],"product_cat":[1181,1172,1212],"product_tag":[1664,116,89],"class_list":{"0":"post-15480","1":"product","2":"type-product","3":"status-publish","4":"has-post-thumbnail","6":"product_cat-franciaorszag","7":"product_cat-magyarorszag","8":"product_cat-vietnam","9":"product_tag-2nd-auction-hu","10":"product_tag-belyeg","11":"product_tag-postatortenet","13":"first","14":"instock","15":"sold-individually","16":"shipping-taxable","17":"product-type-simple"},"_links":{"self":[{"href":"https:\/\/stampcurio.com\/hu\/wp-json\/wp\/v2\/product\/15480","targetHints":{"allow":["GET"]}}],"collection":[{"href":"https:\/\/stampcurio.com\/hu\/wp-json\/wp\/v2\/product"}],"about":[{"href":"https:\/\/stampcurio.com\/hu\/wp-json\/wp\/v2\/types\/product"}],"wp:featuredmedia":[{"embeddable":true,"href":"https:\/\/stampcurio.com\/hu\/wp-json\/wp\/v2\/media\/18466"}],"wp:attachment":[{"href":"https:\/\/stampcurio.com\/hu\/wp-json\/wp\/v2\/media?parent=15480"}],"wp:term":[{"taxonomy":"product_brand","embeddable":true,"href":"https:\/\/stampcurio.com\/hu\/wp-json\/wp\/v2\/product_brand?post=15480"},{"taxonomy":"product_cat","embeddable":true,"href":"https:\/\/stampcurio.com\/hu\/wp-json\/wp\/v2\/product_cat?post=15480"},{"taxonomy":"product_tag","embeddable":true,"href":"https:\/\/stampcurio.com\/hu\/wp-json\/wp\/v2\/product_tag?post=15480"}],"curies":[{"name":"wp","href":"https:\/\/api.w.org\/{rel}","templated":true}]}}