{"id":15479,"date":"2024-11-29T18:31:27","date_gmt":"2024-11-29T17:31:27","guid":{"rendered":"https:\/\/stampcurio.com\/product\/1925-jokai-kiallitas-levelzaroja-kek-es-zold-szinben-teljes-ivben-a-kek-szinu-levelzaron-teljes-gepszinatnyomat-kek-szin\/"},"modified":"2025-12-05T04:06:28","modified_gmt":"2025-12-05T03:06:28","slug":"1925-magyarorszag-a-jokai-kiallitas-levelzaroja-kek-es-zold-szinben-teljes-ivben-a-kek-szinu-levelzaron-teljes-gepszinatnyomat","status":"publish","type":"product","link":"https:\/\/stampcurio.com\/hu\/termek\/1925-magyarorszag-a-jokai-kiallitas-levelzaroja-kek-es-zold-szinben-teljes-ivben-a-kek-szinu-levelzaron-teljes-gepszinatnyomat\/","title":{"rendered":"1925 Magyarorsz\u00e1g &#8211; A J\u00f3kai ki\u00e1ll\u00edt\u00e1s lev\u00e9lz\u00e1r\u00f3ja k\u00e9k \u00e9s z\u00f6ld sz\u00ednben, teljes \u00edvben \u2013 a k\u00e9k sz\u00edn\u0171 lev\u00e9lz\u00e1ron teljes g\u00e9psz\u00edn\u00e1tnyomat"},"content":{"rendered":"","protected":false},"excerpt":{"rendered":"","protected":false},"featured_media":18829,"template":"","meta":[],"product_brand":[],"product_cat":[1172],"product_tag":[1664,116,194,288,217,1006],"class_list":{"0":"post-15479","1":"product","2":"type-product","3":"status-publish","4":"has-post-thumbnail","6":"product_cat-magyarorszag","7":"product_tag-2nd-auction-hu","8":"product_tag-belyeg","9":"product_tag-levelzaro","10":"product_tag-parafilatelia","11":"product_tag-tevnyomat","12":"product_tag-unsold","14":"first","15":"instock","16":"sold-individually","17":"shipping-taxable","18":"product-type-simple"},"_links":{"self":[{"href":"https:\/\/stampcurio.com\/hu\/wp-json\/wp\/v2\/product\/15479","targetHints":{"allow":["GET"]}}],"collection":[{"href":"https:\/\/stampcurio.com\/hu\/wp-json\/wp\/v2\/product"}],"about":[{"href":"https:\/\/stampcurio.com\/hu\/wp-json\/wp\/v2\/types\/product"}],"wp:featuredmedia":[{"embeddable":true,"href":"https:\/\/stampcurio.com\/hu\/wp-json\/wp\/v2\/media\/18829"}],"wp:attachment":[{"href":"https:\/\/stampcurio.com\/hu\/wp-json\/wp\/v2\/media?parent=15479"}],"wp:term":[{"taxonomy":"product_brand","embeddable":true,"href":"https:\/\/stampcurio.com\/hu\/wp-json\/wp\/v2\/product_brand?post=15479"},{"taxonomy":"product_cat","embeddable":true,"href":"https:\/\/stampcurio.com\/hu\/wp-json\/wp\/v2\/product_cat?post=15479"},{"taxonomy":"product_tag","embeddable":true,"href":"https:\/\/stampcurio.com\/hu\/wp-json\/wp\/v2\/product_tag?post=15479"}],"curies":[{"name":"wp","href":"https:\/\/api.w.org\/{rel}","templated":true}]}}