{"id":15478,"date":"2024-11-29T18:31:27","date_gmt":"2024-11-29T17:31:27","guid":{"rendered":"https:\/\/stampcurio.com\/product\/xxx-divald-szivarpapir-eredeti-adojeggyel-bontatlan-csomagolasban\/"},"modified":"2025-12-05T04:06:27","modified_gmt":"2025-12-05T03:06:27","slug":"1923-magyarorszag-diadal-szivarpapir-eredeti-adojeggyel-bontatlan-csomagolasban","status":"publish","type":"product","link":"https:\/\/stampcurio.com\/hu\/termek\/1923-magyarorszag-diadal-szivarpapir-eredeti-adojeggyel-bontatlan-csomagolasban\/","title":{"rendered":"1923 Magyarorsz\u00e1g &#8211; Diadal szivarpap\u00edr eredeti ad\u00f3jeggyel bontatlan csomagol\u00e1sban"},"content":{"rendered":"","protected":false},"excerpt":{"rendered":"","protected":false},"featured_media":18512,"template":"","meta":[],"product_brand":[],"product_cat":[1172],"product_tag":[1664,282,288,1006],"class_list":{"0":"post-15478","1":"product","2":"type-product","3":"status-publish","4":"has-post-thumbnail","6":"product_cat-magyarorszag","7":"product_tag-2nd-auction-hu","8":"product_tag-okmanybelyeg","9":"product_tag-parafilatelia","10":"product_tag-unsold","12":"first","13":"instock","14":"sold-individually","15":"shipping-taxable","16":"product-type-simple"},"_links":{"self":[{"href":"https:\/\/stampcurio.com\/hu\/wp-json\/wp\/v2\/product\/15478","targetHints":{"allow":["GET"]}}],"collection":[{"href":"https:\/\/stampcurio.com\/hu\/wp-json\/wp\/v2\/product"}],"about":[{"href":"https:\/\/stampcurio.com\/hu\/wp-json\/wp\/v2\/types\/product"}],"wp:featuredmedia":[{"embeddable":true,"href":"https:\/\/stampcurio.com\/hu\/wp-json\/wp\/v2\/media\/18512"}],"wp:attachment":[{"href":"https:\/\/stampcurio.com\/hu\/wp-json\/wp\/v2\/media?parent=15478"}],"wp:term":[{"taxonomy":"product_brand","embeddable":true,"href":"https:\/\/stampcurio.com\/hu\/wp-json\/wp\/v2\/product_brand?post=15478"},{"taxonomy":"product_cat","embeddable":true,"href":"https:\/\/stampcurio.com\/hu\/wp-json\/wp\/v2\/product_cat?post=15478"},{"taxonomy":"product_tag","embeddable":true,"href":"https:\/\/stampcurio.com\/hu\/wp-json\/wp\/v2\/product_tag?post=15478"}],"curies":[{"name":"wp","href":"https:\/\/api.w.org\/{rel}","templated":true}]}}