{"id":15477,"date":"2024-11-29T18:31:27","date_gmt":"2024-11-29T17:31:27","guid":{"rendered":"https:\/\/stampcurio.com\/product\/1890-szep-lebelyegzesek-todo-fogmeres-mennyit-ernek-chrast-alleen-tsteig-gosau-wolferstdorf-welim-velim\/"},"modified":"2025-12-05T04:06:27","modified_gmt":"2025-12-05T03:06:27","slug":"1890-ausztria-szep-belyegzesek-gosau-wolferstdorf-chrast-allentsteig-welim-velim","status":"publish","type":"product","link":"https:\/\/stampcurio.com\/hu\/termek\/1890-ausztria-szep-belyegzesek-gosau-wolferstdorf-chrast-allentsteig-welim-velim\/","title":{"rendered":"1890+ Ausztria &#8211; sz\u00e9p b\u00e9lyegz\u00e9sek &#8211; Gosau + Wolferstdorf + Chrast + Allentsteig  + Welim \/ Vel\u00edm"},"content":{"rendered":"","protected":false},"excerpt":{"rendered":"","protected":false},"featured_media":18940,"template":"","meta":[],"product_brand":[],"product_cat":[1178,1238],"product_tag":[1664,116,1041,1006],"class_list":{"0":"post-15477","1":"product","2":"type-product","3":"status-publish","4":"has-post-thumbnail","6":"product_cat-ausztria","7":"product_cat-csehorszag","8":"product_tag-2nd-auction-hu","9":"product_tag-belyeg","10":"product_tag-marcophily-hu","11":"product_tag-unsold","13":"first","14":"instock","15":"sold-individually","16":"shipping-taxable","17":"product-type-simple"},"_links":{"self":[{"href":"https:\/\/stampcurio.com\/hu\/wp-json\/wp\/v2\/product\/15477","targetHints":{"allow":["GET"]}}],"collection":[{"href":"https:\/\/stampcurio.com\/hu\/wp-json\/wp\/v2\/product"}],"about":[{"href":"https:\/\/stampcurio.com\/hu\/wp-json\/wp\/v2\/types\/product"}],"wp:featuredmedia":[{"embeddable":true,"href":"https:\/\/stampcurio.com\/hu\/wp-json\/wp\/v2\/media\/18940"}],"wp:attachment":[{"href":"https:\/\/stampcurio.com\/hu\/wp-json\/wp\/v2\/media?parent=15477"}],"wp:term":[{"taxonomy":"product_brand","embeddable":true,"href":"https:\/\/stampcurio.com\/hu\/wp-json\/wp\/v2\/product_brand?post=15477"},{"taxonomy":"product_cat","embeddable":true,"href":"https:\/\/stampcurio.com\/hu\/wp-json\/wp\/v2\/product_cat?post=15477"},{"taxonomy":"product_tag","embeddable":true,"href":"https:\/\/stampcurio.com\/hu\/wp-json\/wp\/v2\/product_tag?post=15477"}],"curies":[{"name":"wp","href":"https:\/\/api.w.org\/{rel}","templated":true}]}}