{"id":15476,"date":"2024-11-29T18:31:26","date_gmt":"2024-11-29T17:31:26","guid":{"rendered":"https:\/\/stampcurio.com\/product\/szenegal-komplett-telegram-1903-bakel-dakarban-feladott-40-pezetas-belyeggel\/"},"modified":"2025-12-05T04:06:29","modified_gmt":"2025-12-05T03:06:29","slug":"1903-szenegal-komplett-tavirat-bakelbol-dakarba-kuldve","status":"publish","type":"product","link":"https:\/\/stampcurio.com\/hu\/termek\/1903-szenegal-komplett-tavirat-bakelbol-dakarba-kuldve\/","title":{"rendered":"1903 Szeneg\u00e1l \u2013 komplett t\u00e1virat Bakelb\u0151l Dakarba k\u00fcldve"},"content":{"rendered":"","protected":false},"excerpt":{"rendered":"","protected":false},"featured_media":18608,"template":"","meta":[],"product_brand":[],"product_cat":[1181,1274],"product_tag":[1664,89,209],"class_list":{"0":"post-15476","1":"product","2":"type-product","3":"status-publish","4":"has-post-thumbnail","6":"product_cat-franciaorszag","7":"product_cat-szenegal","8":"product_tag-2nd-auction-hu","9":"product_tag-postatortenet","10":"product_tag-tavirat","12":"first","13":"instock","14":"sold-individually","15":"shipping-taxable","16":"product-type-simple"},"_links":{"self":[{"href":"https:\/\/stampcurio.com\/hu\/wp-json\/wp\/v2\/product\/15476","targetHints":{"allow":["GET"]}}],"collection":[{"href":"https:\/\/stampcurio.com\/hu\/wp-json\/wp\/v2\/product"}],"about":[{"href":"https:\/\/stampcurio.com\/hu\/wp-json\/wp\/v2\/types\/product"}],"wp:featuredmedia":[{"embeddable":true,"href":"https:\/\/stampcurio.com\/hu\/wp-json\/wp\/v2\/media\/18608"}],"wp:attachment":[{"href":"https:\/\/stampcurio.com\/hu\/wp-json\/wp\/v2\/media?parent=15476"}],"wp:term":[{"taxonomy":"product_brand","embeddable":true,"href":"https:\/\/stampcurio.com\/hu\/wp-json\/wp\/v2\/product_brand?post=15476"},{"taxonomy":"product_cat","embeddable":true,"href":"https:\/\/stampcurio.com\/hu\/wp-json\/wp\/v2\/product_cat?post=15476"},{"taxonomy":"product_tag","embeddable":true,"href":"https:\/\/stampcurio.com\/hu\/wp-json\/wp\/v2\/product_tag?post=15476"}],"curies":[{"name":"wp","href":"https:\/\/api.w.org\/{rel}","templated":true}]}}