{"id":15475,"date":"2024-11-29T18:31:26","date_gmt":"2024-11-29T17:31:26","guid":{"rendered":"https:\/\/stampcurio.com\/product\/1944-december-provizorikus-belyegzo-legiposta-level-tananalibebe-xxx-francia-gyarmatra-kuldve\/"},"modified":"2025-12-05T04:06:29","modified_gmt":"2025-12-05T03:06:29","slug":"1944-madagaszkar-farafanganaabol-tananarivebe-kuldott-legiposta-boritek-provizorikus-belyegzovel","status":"publish","type":"product","link":"https:\/\/stampcurio.com\/hu\/termek\/1944-madagaszkar-farafanganaabol-tananarivebe-kuldott-legiposta-boritek-provizorikus-belyegzovel\/","title":{"rendered":"1944 Madagaszk\u00e1r &#8211; Farafangana\u00e1b\u00f3l Tananariv\u00e9be k\u00fcld\u00f6tt l\u00e9giposta bor\u00edt\u00e9k proviz\u00f3rikus b\u00e9lyegz\u0151vel"},"content":{"rendered":"","protected":false},"excerpt":{"rendered":"","protected":false},"featured_media":18552,"template":"","meta":[],"product_brand":[],"product_cat":[1181,1285],"product_tag":[279,1664,115,1041,89,256],"class_list":{"0":"post-15475","1":"product","2":"type-product","3":"status-publish","4":"has-post-thumbnail","6":"product_cat-franciaorszag","7":"product_cat-madagaszkar","8":"product_tag-1944-45","9":"product_tag-2nd-auction-hu","10":"product_tag-legiposta","11":"product_tag-marcophily-hu","12":"product_tag-postatortenet","13":"product_tag-provizorium","15":"first","16":"instock","17":"sold-individually","18":"shipping-taxable","19":"product-type-simple"},"_links":{"self":[{"href":"https:\/\/stampcurio.com\/hu\/wp-json\/wp\/v2\/product\/15475","targetHints":{"allow":["GET"]}}],"collection":[{"href":"https:\/\/stampcurio.com\/hu\/wp-json\/wp\/v2\/product"}],"about":[{"href":"https:\/\/stampcurio.com\/hu\/wp-json\/wp\/v2\/types\/product"}],"wp:featuredmedia":[{"embeddable":true,"href":"https:\/\/stampcurio.com\/hu\/wp-json\/wp\/v2\/media\/18552"}],"wp:attachment":[{"href":"https:\/\/stampcurio.com\/hu\/wp-json\/wp\/v2\/media?parent=15475"}],"wp:term":[{"taxonomy":"product_brand","embeddable":true,"href":"https:\/\/stampcurio.com\/hu\/wp-json\/wp\/v2\/product_brand?post=15475"},{"taxonomy":"product_cat","embeddable":true,"href":"https:\/\/stampcurio.com\/hu\/wp-json\/wp\/v2\/product_cat?post=15475"},{"taxonomy":"product_tag","embeddable":true,"href":"https:\/\/stampcurio.com\/hu\/wp-json\/wp\/v2\/product_tag?post=15475"}],"curies":[{"name":"wp","href":"https:\/\/api.w.org\/{rel}","templated":true}]}}