{"id":15474,"date":"2024-11-29T18:31:26","date_gmt":"2024-11-29T17:31:26","guid":{"rendered":"https:\/\/stampcurio.com\/product\/1908-algeriaba-kuldott-tcv-lap-32-filler\/"},"modified":"2025-12-05T04:06:29","modified_gmt":"2025-12-05T03:06:29","slug":"1908-magyarorszag-algeriaba-nyomtatvany-tarifaval-kuldott-tcv-lap-parizs-atmeno-belyegzessel","status":"publish","type":"product","link":"https:\/\/stampcurio.com\/hu\/termek\/1908-magyarorszag-algeriaba-nyomtatvany-tarifaval-kuldott-tcv-lap-parizs-atmeno-belyegzessel\/","title":{"rendered":"1908 Magyarorsz\u00e1g &#8211; Alg\u00e9ri\u00e1ba nyomtatv\u00e1ny tarif\u00e1val k\u00fcld\u00f6tt TCV lap P\u00e1rizs \u00e1tmen\u0151 b\u00e9lyegz\u00e9ssel"},"content":{"rendered":"","protected":false},"excerpt":{"rendered":"","protected":false},"featured_media":18490,"template":"","meta":[],"product_brand":[],"product_cat":[1263,1172],"product_tag":[1664,116,97,1041,89,1299],"class_list":{"0":"post-15474","1":"product","2":"type-product","3":"status-publish","4":"has-post-thumbnail","6":"product_cat-algeria","7":"product_cat-magyarorszag","8":"product_tag-2nd-auction-hu","9":"product_tag-belyeg","10":"product_tag-kepeslap","11":"product_tag-marcophily-hu","12":"product_tag-postatortenet","13":"product_tag-tcv","15":"first","16":"instock","17":"sold-individually","18":"shipping-taxable","19":"product-type-simple"},"_links":{"self":[{"href":"https:\/\/stampcurio.com\/hu\/wp-json\/wp\/v2\/product\/15474","targetHints":{"allow":["GET"]}}],"collection":[{"href":"https:\/\/stampcurio.com\/hu\/wp-json\/wp\/v2\/product"}],"about":[{"href":"https:\/\/stampcurio.com\/hu\/wp-json\/wp\/v2\/types\/product"}],"wp:featuredmedia":[{"embeddable":true,"href":"https:\/\/stampcurio.com\/hu\/wp-json\/wp\/v2\/media\/18490"}],"wp:attachment":[{"href":"https:\/\/stampcurio.com\/hu\/wp-json\/wp\/v2\/media?parent=15474"}],"wp:term":[{"taxonomy":"product_brand","embeddable":true,"href":"https:\/\/stampcurio.com\/hu\/wp-json\/wp\/v2\/product_brand?post=15474"},{"taxonomy":"product_cat","embeddable":true,"href":"https:\/\/stampcurio.com\/hu\/wp-json\/wp\/v2\/product_cat?post=15474"},{"taxonomy":"product_tag","embeddable":true,"href":"https:\/\/stampcurio.com\/hu\/wp-json\/wp\/v2\/product_tag?post=15474"}],"curies":[{"name":"wp","href":"https:\/\/api.w.org\/{rel}","templated":true}]}}